{"id":75,"date":"2021-06-05T04:12:56","date_gmt":"2021-06-05T04:12:56","guid":{"rendered":"https:\/\/anamariareyesbarrios.cl\/?page_id=75"},"modified":"2021-11-02T13:52:40","modified_gmt":"2021-11-02T13:52:40","slug":"el-legado","status":"publish","type":"page","link":"https:\/\/anamariareyesbarrios.cl\/?page_id=75","title":{"rendered":"El legado"},"content":{"rendered":"\t\t<div data-elementor-type=\"wp-page\" data-elementor-id=\"75\" class=\"elementor elementor-75\">\n\t\t\t\t\t\t<section class=\"elementor-section elementor-top-section elementor-element elementor-element-d8ddc72 elementor-section-boxed elementor-section-height-default elementor-section-height-default\" data-id=\"d8ddc72\" data-element_type=\"section\">\n\t\t\t\t\t\t<div class=\"elementor-container elementor-column-gap-default\">\n\t\t\t\t\t<div class=\"elementor-column elementor-col-100 elementor-top-column elementor-element elementor-element-9e36202\" data-id=\"9e36202\" data-element_type=\"column\">\n\t\t\t<div class=\"elementor-widget-wrap elementor-element-populated\">\n\t\t\t\t\t\t<div class=\"elementor-element elementor-element-45fe11f elementor-widget elementor-widget-spacer\" data-id=\"45fe11f\" data-element_type=\"widget\" data-widget_type=\"spacer.default\">\n\t\t\t\t<div class=\"elementor-widget-container\">\n\t\t\t\t\t\t\t<div class=\"elementor-spacer\">\n\t\t\t<div class=\"elementor-spacer-inner\"><\/div>\n\t\t<\/div>\n\t\t\t\t\t\t<\/div>\n\t\t\t\t<\/div>\n\t\t\t\t\t<\/div>\n\t\t<\/div>\n\t\t\t\t\t<\/div>\n\t\t<\/section>\n\t\t\t\t<section class=\"elementor-section elementor-top-section elementor-element elementor-element-1ce458f elementor-section-boxed elementor-section-height-default elementor-section-height-default\" data-id=\"1ce458f\" data-element_type=\"section\">\n\t\t\t\t\t\t<div class=\"elementor-container elementor-column-gap-default\">\n\t\t\t\t\t<div class=\"elementor-column elementor-col-100 elementor-top-column elementor-element elementor-element-7ec8a3c\" data-id=\"7ec8a3c\" data-element_type=\"column\">\n\t\t\t<div class=\"elementor-widget-wrap elementor-element-populated\">\n\t\t\t\t\t\t<div class=\"elementor-element elementor-element-432c449 elementor-widget elementor-widget-text-editor\" data-id=\"432c449\" data-element_type=\"widget\" data-widget_type=\"text-editor.default\">\n\t\t\t\t<div class=\"elementor-widget-container\">\n\t\t\t\t\t\t\t\t\t<p style=\"text-align: center;\">Los documentos que forman parte de este archivo personal fueron resguardados por la familia de Ana Mar\u00eda Reyes, quienes han decidido compartir parte de sus memorias a trav\u00e9s de esta plataforma digital.\u00a0<\/p><p>\u00a0<\/p><p style=\"text-align: center;\">Este conjunto de elementos se compone principalmente de grabaciones audiovisuales de sus presentaciones, como tambi\u00e9n de fotograf\u00edas y algunos documentos relacionados a la obra y creaci\u00f3n de la artista.<\/p>\t\t\t\t\t\t\t\t<\/div>\n\t\t\t\t<\/div>\n\t\t\t\t\t<\/div>\n\t\t<\/div>\n\t\t\t\t\t<\/div>\n\t\t<\/section>\n\t\t\t\t<section class=\"elementor-section elementor-top-section elementor-element elementor-element-f27f4a9 elementor-section-boxed elementor-section-height-default elementor-section-height-default\" data-id=\"f27f4a9\" data-element_type=\"section\">\n\t\t\t\t\t\t<div class=\"elementor-container elementor-column-gap-default\">\n\t\t\t\t\t<div class=\"elementor-column elementor-col-100 elementor-top-column elementor-element elementor-element-8b834cf\" data-id=\"8b834cf\" data-element_type=\"column\">\n\t\t\t<div class=\"elementor-widget-wrap elementor-element-populated\">\n\t\t\t\t\t\t<div class=\"elementor-element elementor-element-e49f803 elementor-widget elementor-widget-spacer\" data-id=\"e49f803\" data-element_type=\"widget\" data-widget_type=\"spacer.default\">\n\t\t\t\t<div class=\"elementor-widget-container\">\n\t\t\t\t\t\t\t<div class=\"elementor-spacer\">\n\t\t\t<div class=\"elementor-spacer-inner\"><\/div>\n\t\t<\/div>\n\t\t\t\t\t\t<\/div>\n\t\t\t\t<\/div>\n\t\t\t\t\t<\/div>\n\t\t<\/div>\n\t\t\t\t\t<\/div>\n\t\t<\/section>\n\t\t\t\t<section class=\"elementor-section elementor-top-section elementor-element elementor-element-5517eb9 elementor-section-content-top elementor-section-stretched elementor-section-boxed elementor-section-height-default elementor-section-height-default\" data-id=\"5517eb9\" data-element_type=\"section\" data-settings=\"{&quot;stretch_section&quot;:&quot;section-stretched&quot;}\">\n\t\t\t\t\t\t<div class=\"elementor-container elementor-column-gap-default\">\n\t\t\t\t\t<div class=\"elementor-column elementor-col-33 elementor-top-column elementor-element elementor-element-0c02a1a\" data-id=\"0c02a1a\" data-element_type=\"column\">\n\t\t\t<div class=\"elementor-widget-wrap elementor-element-populated\">\n\t\t\t\t\t\t<div class=\"elementor-element elementor-element-efbe9d6 content-align-cta-center eael-cta-overlay-yes elementor-widget elementor-widget-eael-cta-box\" data-id=\"efbe9d6\" data-element_type=\"widget\" data-widget_type=\"eael-cta-box.default\">\n\t\t\t\t<div class=\"elementor-widget-container\">\n\t\t\t\t\t\t\t<div class=\"eael-call-to-action cta-basic bg-img cta-preset-1\">\n        <h2 class=\"title eael-cta-heading\">Colecci\u00f3n Audiovisual<\/h2><p>Secci\u00f3n en la que se encuentran las grabaciones recuperadas de Ana Mar\u00eda Reyes.<\/p><a href=\"https:\/\/anamariareyesbarrios.cl\/?page_id=294\" class=\"cta-button cta-preset-1  \">IR<\/a>\t<\/div>\n\t\t\t\t\t\t\t\t<\/div>\n\t\t\t\t<\/div>\n\t\t\t\t\t<\/div>\n\t\t<\/div>\n\t\t\t\t<div class=\"elementor-column elementor-col-33 elementor-top-column elementor-element elementor-element-aa89035\" data-id=\"aa89035\" data-element_type=\"column\">\n\t\t\t<div class=\"elementor-widget-wrap elementor-element-populated\">\n\t\t\t\t\t\t<div class=\"elementor-element elementor-element-cbe5fb4 content-align-cta-center eael-cta-overlay-yes elementor-widget elementor-widget-eael-cta-box\" data-id=\"cbe5fb4\" data-element_type=\"widget\" data-widget_type=\"eael-cta-box.default\">\n\t\t\t\t<div class=\"elementor-widget-container\">\n\t\t\t\t\t\t\t<div class=\"eael-call-to-action cta-basic bg-img cta-preset-1\">\n        <h2 class=\"title eael-cta-heading\">Colecci\u00f3n   Gr\u00e1fica<\/h2><p>Colecci\u00f3n de fotograf\u00edas tanto de presentaciones como de \u00edndole personal de la artista<\/p><a href=\"https:\/\/anamariareyesbarrios.cl\/?page_id=302\" class=\"cta-button cta-preset-1  \">IR<\/a>\t<\/div>\n\t\t\t\t\t\t\t\t<\/div>\n\t\t\t\t<\/div>\n\t\t\t\t\t<\/div>\n\t\t<\/div>\n\t\t\t\t<div class=\"elementor-column elementor-col-33 elementor-top-column elementor-element elementor-element-857d1a8\" data-id=\"857d1a8\" data-element_type=\"column\">\n\t\t\t<div class=\"elementor-widget-wrap elementor-element-populated\">\n\t\t\t\t\t\t<div class=\"elementor-element elementor-element-b5f112c content-align-cta-center eael-cta-overlay-yes elementor-widget elementor-widget-eael-cta-box\" data-id=\"b5f112c\" data-element_type=\"widget\" data-widget_type=\"eael-cta-box.default\">\n\t\t\t\t<div class=\"elementor-widget-container\">\n\t\t\t\t\t\t\t<div class=\"eael-call-to-action cta-basic bg-img cta-preset-1\">\n        <h2 class=\"title eael-cta-heading\">Colecci\u00f3n Documental<\/h2><p>Colecci\u00f3n de documentos relacionados a la obra de la artista.<\/p><a href=\"https:\/\/anamariareyesbarrios.cl\/?page_id=308\" class=\"cta-button cta-preset-1  \">IR<\/a>\t<\/div>\n\t\t\t\t\t\t\t\t<\/div>\n\t\t\t\t<\/div>\n\t\t\t\t\t<\/div>\n\t\t<\/div>\n\t\t\t\t\t<\/div>\n\t\t<\/section>\n\t\t\t\t<\/div>\n\t\t","protected":false},"excerpt":{"rendered":"<p>Los documentos que forman parte de este archivo personal fueron<span class=\"more-button\"><a href=\"https:\/\/anamariareyesbarrios.cl\/?page_id=75\" class=\"more-link\">Seguir leyendo<span class=\"screen-reader-text\">El legado<\/span><\/a><\/span><\/p>\n","protected":false},"author":1,"featured_media":0,"parent":0,"menu_order":0,"comment_status":"closed","ping_status":"closed","template":"","meta":{"footnotes":""},"class_list":["post-75","page","type-page","status-publish","hentry"],"yoast_head":"<!-- This site is optimized with the Yoast SEO plugin v26.8 - https:\/\/yoast.com\/product\/yoast-seo-wordpress\/ -->\n<title>El legado - Ana Mar\u00eda Reyes Barrios<\/title>\n<meta name=\"robots\" content=\"index, follow, max-snippet:-1, max-image-preview:large, max-video-preview:-1\" \/>\n<link rel=\"canonical\" href=\"https:\/\/anamariareyesbarrios.cl\/?page_id=75\" \/>\n<meta property=\"og:locale\" content=\"es_ES\" \/>\n<meta property=\"og:type\" content=\"article\" \/>\n<meta property=\"og:title\" content=\"El legado - Ana Mar\u00eda Reyes Barrios\" \/>\n<meta property=\"og:description\" content=\"Los documentos que forman parte de este archivo personal fueronSeguir leyendoEl legado\" \/>\n<meta property=\"og:url\" content=\"https:\/\/anamariareyesbarrios.cl\/?page_id=75\" \/>\n<meta property=\"og:site_name\" content=\"Ana Mar\u00eda Reyes Barrios\" \/>\n<meta property=\"article:modified_time\" content=\"2021-11-02T13:52:40+00:00\" \/>\n<meta name=\"twitter:card\" content=\"summary_large_image\" \/>\n<meta name=\"twitter:label1\" content=\"Tiempo de lectura\" \/>\n\t<meta name=\"twitter:data1\" content=\"1 minuto\" \/>\n<script type=\"application\/ld+json\" class=\"yoast-schema-graph\">{\"@context\":\"https:\/\/schema.org\",\"@graph\":[{\"@type\":\"WebPage\",\"@id\":\"https:\/\/anamariareyesbarrios.cl\/?page_id=75\",\"url\":\"https:\/\/anamariareyesbarrios.cl\/?page_id=75\",\"name\":\"El legado - Ana Mar\u00eda Reyes Barrios\",\"isPartOf\":{\"@id\":\"https:\/\/anamariareyesbarrios.cl\/#website\"},\"datePublished\":\"2021-06-05T04:12:56+00:00\",\"dateModified\":\"2021-11-02T13:52:40+00:00\",\"breadcrumb\":{\"@id\":\"https:\/\/anamariareyesbarrios.cl\/?page_id=75#breadcrumb\"},\"inLanguage\":\"es\",\"potentialAction\":[{\"@type\":\"ReadAction\",\"target\":[\"https:\/\/anamariareyesbarrios.cl\/?page_id=75\"]}]},{\"@type\":\"BreadcrumbList\",\"@id\":\"https:\/\/anamariareyesbarrios.cl\/?page_id=75#breadcrumb\",\"itemListElement\":[{\"@type\":\"ListItem\",\"position\":1,\"name\":\"Portada\",\"item\":\"https:\/\/anamariareyesbarrios.cl\/\"},{\"@type\":\"ListItem\",\"position\":2,\"name\":\"El legado\"}]},{\"@type\":\"WebSite\",\"@id\":\"https:\/\/anamariareyesbarrios.cl\/#website\",\"url\":\"https:\/\/anamariareyesbarrios.cl\/\",\"name\":\"Ana Mar\u00eda Reyes Barrios\",\"description\":\"Archivo personal de la artista\",\"publisher\":{\"@id\":\"https:\/\/anamariareyesbarrios.cl\/#\/schema\/person\/87ebb69d82def5c3c09664fe4e9e528e\"},\"potentialAction\":[{\"@type\":\"SearchAction\",\"target\":{\"@type\":\"EntryPoint\",\"urlTemplate\":\"https:\/\/anamariareyesbarrios.cl\/?s={search_term_string}\"},\"query-input\":{\"@type\":\"PropertyValueSpecification\",\"valueRequired\":true,\"valueName\":\"search_term_string\"}}],\"inLanguage\":\"es\"},{\"@type\":[\"Person\",\"Organization\"],\"@id\":\"https:\/\/anamariareyesbarrios.cl\/#\/schema\/person\/87ebb69d82def5c3c09664fe4e9e528e\",\"name\":\"Anamaria\",\"image\":{\"@type\":\"ImageObject\",\"inLanguage\":\"es\",\"@id\":\"https:\/\/anamariareyesbarrios.cl\/#\/schema\/person\/image\/\",\"url\":\"https:\/\/www.anamariareyesbarrios.cl\/wp-content\/uploads\/2021\/06\/cropped-Logo_firma-1.png\",\"contentUrl\":\"https:\/\/www.anamariareyesbarrios.cl\/wp-content\/uploads\/2021\/06\/cropped-Logo_firma-1.png\",\"width\":512,\"height\":512,\"caption\":\"Anamaria\"},\"logo\":{\"@id\":\"https:\/\/anamariareyesbarrios.cl\/#\/schema\/person\/image\/\"},\"sameAs\":[\"https:\/\/anamariareyesbarrios.cl\"]}]}<\/script>\n<!-- \/ Yoast SEO plugin. -->","yoast_head_json":{"title":"El legado - Ana Mar\u00eda Reyes Barrios","robots":{"index":"index","follow":"follow","max-snippet":"max-snippet:-1","max-image-preview":"max-image-preview:large","max-video-preview":"max-video-preview:-1"},"canonical":"https:\/\/anamariareyesbarrios.cl\/?page_id=75","og_locale":"es_ES","og_type":"article","og_title":"El legado - Ana Mar\u00eda Reyes Barrios","og_description":"Los documentos que forman parte de este archivo personal fueronSeguir leyendoEl legado","og_url":"https:\/\/anamariareyesbarrios.cl\/?page_id=75","og_site_name":"Ana Mar\u00eda Reyes Barrios","article_modified_time":"2021-11-02T13:52:40+00:00","twitter_card":"summary_large_image","twitter_misc":{"Tiempo de lectura":"1 minuto"},"schema":{"@context":"https:\/\/schema.org","@graph":[{"@type":"WebPage","@id":"https:\/\/anamariareyesbarrios.cl\/?page_id=75","url":"https:\/\/anamariareyesbarrios.cl\/?page_id=75","name":"El legado - Ana Mar\u00eda Reyes Barrios","isPartOf":{"@id":"https:\/\/anamariareyesbarrios.cl\/#website"},"datePublished":"2021-06-05T04:12:56+00:00","dateModified":"2021-11-02T13:52:40+00:00","breadcrumb":{"@id":"https:\/\/anamariareyesbarrios.cl\/?page_id=75#breadcrumb"},"inLanguage":"es","potentialAction":[{"@type":"ReadAction","target":["https:\/\/anamariareyesbarrios.cl\/?page_id=75"]}]},{"@type":"BreadcrumbList","@id":"https:\/\/anamariareyesbarrios.cl\/?page_id=75#breadcrumb","itemListElement":[{"@type":"ListItem","position":1,"name":"Portada","item":"https:\/\/anamariareyesbarrios.cl\/"},{"@type":"ListItem","position":2,"name":"El legado"}]},{"@type":"WebSite","@id":"https:\/\/anamariareyesbarrios.cl\/#website","url":"https:\/\/anamariareyesbarrios.cl\/","name":"Ana Mar\u00eda Reyes Barrios","description":"Archivo personal de la artista","publisher":{"@id":"https:\/\/anamariareyesbarrios.cl\/#\/schema\/person\/87ebb69d82def5c3c09664fe4e9e528e"},"potentialAction":[{"@type":"SearchAction","target":{"@type":"EntryPoint","urlTemplate":"https:\/\/anamariareyesbarrios.cl\/?s={search_term_string}"},"query-input":{"@type":"PropertyValueSpecification","valueRequired":true,"valueName":"search_term_string"}}],"inLanguage":"es"},{"@type":["Person","Organization"],"@id":"https:\/\/anamariareyesbarrios.cl\/#\/schema\/person\/87ebb69d82def5c3c09664fe4e9e528e","name":"Anamaria","image":{"@type":"ImageObject","inLanguage":"es","@id":"https:\/\/anamariareyesbarrios.cl\/#\/schema\/person\/image\/","url":"https:\/\/www.anamariareyesbarrios.cl\/wp-content\/uploads\/2021\/06\/cropped-Logo_firma-1.png","contentUrl":"https:\/\/www.anamariareyesbarrios.cl\/wp-content\/uploads\/2021\/06\/cropped-Logo_firma-1.png","width":512,"height":512,"caption":"Anamaria"},"logo":{"@id":"https:\/\/anamariareyesbarrios.cl\/#\/schema\/person\/image\/"},"sameAs":["https:\/\/anamariareyesbarrios.cl"]}]}},"_links":{"self":[{"href":"https:\/\/anamariareyesbarrios.cl\/index.php?rest_route=\/wp\/v2\/pages\/75","targetHints":{"allow":["GET"]}}],"collection":[{"href":"https:\/\/anamariareyesbarrios.cl\/index.php?rest_route=\/wp\/v2\/pages"}],"about":[{"href":"https:\/\/anamariareyesbarrios.cl\/index.php?rest_route=\/wp\/v2\/types\/page"}],"author":[{"embeddable":true,"href":"https:\/\/anamariareyesbarrios.cl\/index.php?rest_route=\/wp\/v2\/users\/1"}],"replies":[{"embeddable":true,"href":"https:\/\/anamariareyesbarrios.cl\/index.php?rest_route=%2Fwp%2Fv2%2Fcomments&post=75"}],"version-history":[{"count":40,"href":"https:\/\/anamariareyesbarrios.cl\/index.php?rest_route=\/wp\/v2\/pages\/75\/revisions"}],"predecessor-version":[{"id":999,"href":"https:\/\/anamariareyesbarrios.cl\/index.php?rest_route=\/wp\/v2\/pages\/75\/revisions\/999"}],"wp:attachment":[{"href":"https:\/\/anamariareyesbarrios.cl\/index.php?rest_route=%2Fwp%2Fv2%2Fmedia&parent=75"}],"curies":[{"name":"wp","href":"https:\/\/api.w.org\/{rel}","templated":true}]}}