{"id":314,"date":"2021-06-07T04:16:03","date_gmt":"2021-06-07T04:16:03","guid":{"rendered":"https:\/\/anamariareyesbarrios.cl\/?page_id=314"},"modified":"2021-11-02T13:54:59","modified_gmt":"2021-11-02T13:54:59","slug":"la-guitarra-clasica","status":"publish","type":"page","link":"https:\/\/anamariareyesbarrios.cl\/?page_id=314","title":{"rendered":"La Guitarra Cl\u00e1sica"},"content":{"rendered":"\t\t<div data-elementor-type=\"wp-page\" data-elementor-id=\"314\" class=\"elementor elementor-314\">\n\t\t\t\t\t\t<section class=\"elementor-section elementor-top-section elementor-element elementor-element-52772dc elementor-section-stretched elementor-section-boxed elementor-section-height-default elementor-section-height-default\" data-id=\"52772dc\" data-element_type=\"section\" data-settings=\"{&quot;stretch_section&quot;:&quot;section-stretched&quot;}\">\n\t\t\t\t\t\t<div class=\"elementor-container elementor-column-gap-default\">\n\t\t\t\t\t<div class=\"elementor-column elementor-col-16 elementor-top-column elementor-element elementor-element-d0f0453\" data-id=\"d0f0453\" data-element_type=\"column\">\n\t\t\t<div class=\"elementor-widget-wrap\">\n\t\t\t\t\t\t\t<\/div>\n\t\t<\/div>\n\t\t\t\t<div class=\"elementor-column elementor-col-66 elementor-top-column elementor-element elementor-element-8785c45\" data-id=\"8785c45\" data-element_type=\"column\">\n\t\t\t<div class=\"elementor-widget-wrap elementor-element-populated\">\n\t\t\t\t\t\t<div class=\"elementor-element elementor-element-48b57f2 elementor-widget elementor-widget-text-editor\" data-id=\"48b57f2\" data-element_type=\"widget\" data-widget_type=\"text-editor.default\">\n\t\t\t\t<div class=\"elementor-widget-container\">\n\t\t\t\t\t\t\t\t\t<p><u>Sus or\u00edgenes:<\/u><\/p>\n<p>El origen exacto de la guitarra puede ser algo dif\u00edcil de ubicar exactamente en el tiempo, sin embargo, podemos decir que empez\u00f3 a ser utilizada durante el siglo XVI y convivio con otros instrumentos de cuerda pulsada de la \u00e9poca, que igualmente podr\u00edan considerarse antecesores de la guitarra moderna, como lo son la vihuela y el la\u00fad. Estos instrumentos gozaron de gran popularidad entre la nobleza europea mientras que la guitarra se ocupaba en ambientes m\u00e1s casuales principalmente para acompa\u00f1ar canciones o danzas, sin embargo, a fines del siglo XVI cuando el renacimiento empieza a dar paso al barroco la guitarra empieza a sustituir paulatinamente a la vihuela en la m\u00fasica de sal\u00f3n logrando asentarse en los c\u00edrculos musicales de toda Europa.<\/p>\n<p>Durante el siglo XVII tiene un gran desarrollo tanto t\u00e9cnico como musical. Es durante este periodo que destacan compositores como Gaspar Sanz (1640 \u2013 1710), Santiago de Murcia (1673 \u2013 1739), Francisco Guerau (1649 \u2013 1722), Jean-Baptiste Lully (1632 \u2013 1687) y Francesco Corbetta (1615 \u2013 1685).<\/p>\n<p>Durante el siglo XVIII la guitarra vive importantes cambios a su construcci\u00f3n, cambiando las cuerdas dobles (llamadas ordenes) por cuerdas simples y aumentando una sexta cuerda en el bajo &#8211; siendo que lo m\u00e1s com\u00fan hasta ese momento eran las guitarras de cinco ordenes &#8211; pasando as\u00ed a una construcci\u00f3n m\u00e1s similar a la guitarra que conocemos hoy en d\u00eda.<\/p><p><br><\/p>\t\t\t\t\t\t\t\t<\/div>\n\t\t\t\t<\/div>\n\t\t\t\t\t<\/div>\n\t\t<\/div>\n\t\t\t\t<div class=\"elementor-column elementor-col-16 elementor-top-column elementor-element elementor-element-a50bc8f\" data-id=\"a50bc8f\" data-element_type=\"column\">\n\t\t\t<div class=\"elementor-widget-wrap\">\n\t\t\t\t\t\t\t<\/div>\n\t\t<\/div>\n\t\t\t\t\t<\/div>\n\t\t<\/section>\n\t\t\t\t<section class=\"elementor-section elementor-top-section elementor-element elementor-element-96cbf4c elementor-section-stretched elementor-section-boxed elementor-section-height-default elementor-section-height-default\" data-id=\"96cbf4c\" data-element_type=\"section\" data-settings=\"{&quot;stretch_section&quot;:&quot;section-stretched&quot;}\">\n\t\t\t\t\t\t<div class=\"elementor-container elementor-column-gap-default\">\n\t\t\t\t\t<div class=\"elementor-column elementor-col-16 elementor-top-column elementor-element elementor-element-b3251af\" data-id=\"b3251af\" data-element_type=\"column\">\n\t\t\t<div class=\"elementor-widget-wrap\">\n\t\t\t\t\t\t\t<\/div>\n\t\t<\/div>\n\t\t\t\t<div class=\"elementor-column elementor-col-66 elementor-top-column elementor-element elementor-element-d67e596\" data-id=\"d67e596\" data-element_type=\"column\">\n\t\t\t<div class=\"elementor-widget-wrap elementor-element-populated\">\n\t\t\t\t\t\t<div class=\"elementor-element elementor-element-9da63ed elementor-widget elementor-widget-text-editor\" data-id=\"9da63ed\" data-element_type=\"widget\" data-widget_type=\"text-editor.default\">\n\t\t\t\t<div class=\"elementor-widget-container\">\n\t\t\t\t\t\t\t\t\t<p><u>El Siglo XIX y XX:<\/u><\/p>\n<p>Es durante estos siglos cuando la guitarra logra conseguir su aceptaci\u00f3n como instrumento de concierto, primeramente, durante el siglo XIX, gracias al aporte de grandes concertistas y compositores como Fernando Sor (1778 \u2013 1839), Dionisio Aguado (1784 \u2013 1849) y Mauro Giuliani (1781 \u2013 1829) quienes estuvieron altamente involucrados en los c\u00edrculos musicales de Europa y desarrollaron importantes carreras como concertistas, pero tambi\u00e9n como compositores creando importantes obras para el instrumento as\u00ed como adoptando la escritura en notaci\u00f3n musical en lugar de la tablatura que era lo que com\u00fanmente se usaba para escribir la m\u00fasica del instrumento hasta ese momento y creando series did\u00e1cticas para el estudio y la formaci\u00f3n t\u00e9cnica de los guitarristas, las cuales se siguen usando hasta el d\u00eda de hoy. Igualmente, figura clave a finales de este siglo es Francisco T\u00e1rrega (1852 \u2013 1909) quien cumple un rol fundamental, tanto como compositor del periodo rom\u00e1ntico para la guitarra, as\u00ed como su rol pedag\u00f3gico, siendo el maestro de importantes figuras del siglo XX como Emilio Pujol, Miguel Llobet, Josefina Robledo y otros.<\/p>\n<p>En segundo lugar, durante el siglo XX la exposici\u00f3n de la guitarra aumento considerablemente, as\u00ed como su uso como instrumento de concierto solista se fue desarrollando m\u00e1s de la mano de eximios guitarristas espa\u00f1oles de la \u00e9poca, as\u00ed como el inter\u00e9s que le demostraron varios compositores destacados quienes empezaron a escribir m\u00fasica nueva para el instrumento. Importante es la figura de Andr\u00e9s Segovia (1893 \u2013 1987), quien fue quiz\u00e1s el m\u00e1s famoso de ellos, as\u00ed como el primero que motivo a compositores no guitarristas a componer para el instrumento.<\/p>\n<p><\/p>\n<p><u>La Guitarra Cl\u00e1sica en Chile:<\/u><\/p>\n<p>Si bien la guitarra estaba presente en nuestro pa\u00eds desde el siglo XVI tra\u00eddo por los conquistadores espa\u00f1oles, no alcanza un espacio en las salas de concierto ni en el circulo musical profesional hasta finales del siglo XIX momento en el que el instrumento hace su debut concertista de la mano del guitarrista espa\u00f1ol Antonio Jim\u00e9nez Manj\u00f3n en 1893 y posteriormente &#8211; ya en el siglo XX \u2013 con conciertos de Miguel Llobet, disc\u00edpulo de T\u00e1rrega, y luego el mismo Andr\u00e9s Segovia quien se presenta dos veces en el Teatro Municipal de Santiago.<\/p>\n<p>Es tambi\u00e9n durante este periodo que se instaura la primera catedra de guitarra en el Conservatorio Nacional de M\u00fasica a cargo del guitarrista argentino (hijo de espa\u00f1oles) Albor Maruenda quien hab\u00eda estudiado en Espa\u00f1a con Josefina Robledo, disc\u00edpula de T\u00e1rrega. Es de la mano de \u00e9l que se introduce la llamada \u201cescuela de T\u00e1rrega\u201d en la formaci\u00f3n guitarr\u00edstica de nuestro pa\u00eds, siendo sus dos alumnos m\u00e1s destacados; Arturo Gonz\u00e1lez y Liliana P\u00e9rez Corey, siendo \u00e9sta \u00faltima quien asumi\u00f3 el cargo de la catedra de guitarra el a\u00f1o 1947, despu\u00e9s de que Maruenda dejara el pa\u00eds, y luego de perfeccionarse con maestros importantes en Espa\u00f1a entre ellos Emilio Pujol y Regino Sainz de la Maza.<\/p>\n<p>Es a partir de este momento que la guitarra cl\u00e1sica en Chile empieza a crecer r\u00e1pidamente con muchos exponentes importantes dedicados tanto a la pedagog\u00eda como a la interpretaci\u00f3n, pasando por Luis L\u00f3pez, Eulogio D\u00e1valos, Ernesto Quezada, Oscar Ohlsen, Alejandro Peralta, Eugenia Rodr\u00edguez y por supuesto Ana Mar\u00eda Reyes.<\/p>\t\t\t\t\t\t\t\t<\/div>\n\t\t\t\t<\/div>\n\t\t\t\t\t<\/div>\n\t\t<\/div>\n\t\t\t\t<div class=\"elementor-column elementor-col-16 elementor-top-column elementor-element elementor-element-26a50e4\" data-id=\"26a50e4\" data-element_type=\"column\">\n\t\t\t<div class=\"elementor-widget-wrap\">\n\t\t\t\t\t\t\t<\/div>\n\t\t<\/div>\n\t\t\t\t\t<\/div>\n\t\t<\/section>\n\t\t\t\t<section class=\"elementor-section elementor-top-section elementor-element elementor-element-f0c946b elementor-section-stretched elementor-section-boxed elementor-section-height-default elementor-section-height-default\" data-id=\"f0c946b\" data-element_type=\"section\" data-settings=\"{&quot;stretch_section&quot;:&quot;section-stretched&quot;}\">\n\t\t\t\t\t\t<div class=\"elementor-container elementor-column-gap-default\">\n\t\t\t\t\t<div class=\"elementor-column elementor-col-66 elementor-top-column elementor-element elementor-element-6322ae2\" data-id=\"6322ae2\" data-element_type=\"column\">\n\t\t\t<div class=\"elementor-widget-wrap\">\n\t\t\t\t\t\t\t<\/div>\n\t\t<\/div>\n\t\t\t\t<div class=\"elementor-column elementor-col-33 elementor-top-column elementor-element elementor-element-cbcd8bd\" data-id=\"cbcd8bd\" data-element_type=\"column\">\n\t\t\t<div class=\"elementor-widget-wrap elementor-element-populated\">\n\t\t\t\t\t\t<div class=\"elementor-element elementor-element-79fc4ea elementor-widget elementor-widget-text-editor\" data-id=\"79fc4ea\" data-element_type=\"widget\" data-widget_type=\"text-editor.default\">\n\t\t\t\t<div class=\"elementor-widget-container\">\n\t\t\t\t\t\t\t\t\t<p>Texto escrito por:\u00a0<\/p><p>Josu\u00e9 Flores Silva<\/p>\t\t\t\t\t\t\t\t<\/div>\n\t\t\t\t<\/div>\n\t\t\t\t\t<\/div>\n\t\t<\/div>\n\t\t\t\t\t<\/div>\n\t\t<\/section>\n\t\t\t\t<\/div>\n\t\t","protected":false},"excerpt":{"rendered":"<p>Sus or\u00edgenes: El origen exacto de la guitarra puede ser<span class=\"more-button\"><a href=\"https:\/\/anamariareyesbarrios.cl\/?page_id=314\" class=\"more-link\">Seguir leyendo<span class=\"screen-reader-text\">La Guitarra Cl\u00e1sica<\/span><\/a><\/span><\/p>\n","protected":false},"author":1,"featured_media":0,"parent":0,"menu_order":0,"comment_status":"closed","ping_status":"closed","template":"","meta":{"footnotes":""},"class_list":["post-314","page","type-page","status-publish","hentry"],"yoast_head":"<!-- This site is optimized with the Yoast SEO plugin v26.8 - https:\/\/yoast.com\/product\/yoast-seo-wordpress\/ -->\n<title>La Guitarra Cl\u00e1sica - Ana Mar\u00eda Reyes Barrios<\/title>\n<meta name=\"robots\" content=\"index, follow, max-snippet:-1, max-image-preview:large, max-video-preview:-1\" \/>\n<link rel=\"canonical\" href=\"https:\/\/anamariareyesbarrios.cl\/?page_id=314\" \/>\n<meta property=\"og:locale\" content=\"es_ES\" \/>\n<meta property=\"og:type\" content=\"article\" \/>\n<meta property=\"og:title\" content=\"La Guitarra Cl\u00e1sica - Ana Mar\u00eda Reyes Barrios\" \/>\n<meta property=\"og:description\" content=\"Sus or\u00edgenes: El origen exacto de la guitarra puede serSeguir leyendoLa Guitarra Cl\u00e1sica\" \/>\n<meta property=\"og:url\" content=\"https:\/\/anamariareyesbarrios.cl\/?page_id=314\" \/>\n<meta property=\"og:site_name\" content=\"Ana Mar\u00eda Reyes Barrios\" \/>\n<meta property=\"article:modified_time\" content=\"2021-11-02T13:54:59+00:00\" \/>\n<meta name=\"twitter:card\" content=\"summary_large_image\" \/>\n<meta name=\"twitter:label1\" content=\"Tiempo de lectura\" \/>\n\t<meta name=\"twitter:data1\" content=\"4 minutos\" \/>\n<script type=\"application\/ld+json\" class=\"yoast-schema-graph\">{\"@context\":\"https:\/\/schema.org\",\"@graph\":[{\"@type\":\"WebPage\",\"@id\":\"https:\/\/anamariareyesbarrios.cl\/?page_id=314\",\"url\":\"https:\/\/anamariareyesbarrios.cl\/?page_id=314\",\"name\":\"La Guitarra Cl\u00e1sica - Ana Mar\u00eda Reyes Barrios\",\"isPartOf\":{\"@id\":\"https:\/\/anamariareyesbarrios.cl\/#website\"},\"datePublished\":\"2021-06-07T04:16:03+00:00\",\"dateModified\":\"2021-11-02T13:54:59+00:00\",\"breadcrumb\":{\"@id\":\"https:\/\/anamariareyesbarrios.cl\/?page_id=314#breadcrumb\"},\"inLanguage\":\"es\",\"potentialAction\":[{\"@type\":\"ReadAction\",\"target\":[\"https:\/\/anamariareyesbarrios.cl\/?page_id=314\"]}]},{\"@type\":\"BreadcrumbList\",\"@id\":\"https:\/\/anamariareyesbarrios.cl\/?page_id=314#breadcrumb\",\"itemListElement\":[{\"@type\":\"ListItem\",\"position\":1,\"name\":\"Portada\",\"item\":\"https:\/\/anamariareyesbarrios.cl\/\"},{\"@type\":\"ListItem\",\"position\":2,\"name\":\"La Guitarra Cl\u00e1sica\"}]},{\"@type\":\"WebSite\",\"@id\":\"https:\/\/anamariareyesbarrios.cl\/#website\",\"url\":\"https:\/\/anamariareyesbarrios.cl\/\",\"name\":\"Ana Mar\u00eda Reyes Barrios\",\"description\":\"Archivo personal de la artista\",\"publisher\":{\"@id\":\"https:\/\/anamariareyesbarrios.cl\/#\/schema\/person\/87ebb69d82def5c3c09664fe4e9e528e\"},\"potentialAction\":[{\"@type\":\"SearchAction\",\"target\":{\"@type\":\"EntryPoint\",\"urlTemplate\":\"https:\/\/anamariareyesbarrios.cl\/?s={search_term_string}\"},\"query-input\":{\"@type\":\"PropertyValueSpecification\",\"valueRequired\":true,\"valueName\":\"search_term_string\"}}],\"inLanguage\":\"es\"},{\"@type\":[\"Person\",\"Organization\"],\"@id\":\"https:\/\/anamariareyesbarrios.cl\/#\/schema\/person\/87ebb69d82def5c3c09664fe4e9e528e\",\"name\":\"Anamaria\",\"image\":{\"@type\":\"ImageObject\",\"inLanguage\":\"es\",\"@id\":\"https:\/\/anamariareyesbarrios.cl\/#\/schema\/person\/image\/\",\"url\":\"https:\/\/www.anamariareyesbarrios.cl\/wp-content\/uploads\/2021\/06\/cropped-Logo_firma-1.png\",\"contentUrl\":\"https:\/\/www.anamariareyesbarrios.cl\/wp-content\/uploads\/2021\/06\/cropped-Logo_firma-1.png\",\"width\":512,\"height\":512,\"caption\":\"Anamaria\"},\"logo\":{\"@id\":\"https:\/\/anamariareyesbarrios.cl\/#\/schema\/person\/image\/\"},\"sameAs\":[\"https:\/\/anamariareyesbarrios.cl\"]}]}<\/script>\n<!-- \/ Yoast SEO plugin. -->","yoast_head_json":{"title":"La Guitarra Cl\u00e1sica - Ana Mar\u00eda Reyes Barrios","robots":{"index":"index","follow":"follow","max-snippet":"max-snippet:-1","max-image-preview":"max-image-preview:large","max-video-preview":"max-video-preview:-1"},"canonical":"https:\/\/anamariareyesbarrios.cl\/?page_id=314","og_locale":"es_ES","og_type":"article","og_title":"La Guitarra Cl\u00e1sica - Ana Mar\u00eda Reyes Barrios","og_description":"Sus or\u00edgenes: El origen exacto de la guitarra puede serSeguir leyendoLa Guitarra Cl\u00e1sica","og_url":"https:\/\/anamariareyesbarrios.cl\/?page_id=314","og_site_name":"Ana Mar\u00eda Reyes Barrios","article_modified_time":"2021-11-02T13:54:59+00:00","twitter_card":"summary_large_image","twitter_misc":{"Tiempo de lectura":"4 minutos"},"schema":{"@context":"https:\/\/schema.org","@graph":[{"@type":"WebPage","@id":"https:\/\/anamariareyesbarrios.cl\/?page_id=314","url":"https:\/\/anamariareyesbarrios.cl\/?page_id=314","name":"La Guitarra Cl\u00e1sica - Ana Mar\u00eda Reyes Barrios","isPartOf":{"@id":"https:\/\/anamariareyesbarrios.cl\/#website"},"datePublished":"2021-06-07T04:16:03+00:00","dateModified":"2021-11-02T13:54:59+00:00","breadcrumb":{"@id":"https:\/\/anamariareyesbarrios.cl\/?page_id=314#breadcrumb"},"inLanguage":"es","potentialAction":[{"@type":"ReadAction","target":["https:\/\/anamariareyesbarrios.cl\/?page_id=314"]}]},{"@type":"BreadcrumbList","@id":"https:\/\/anamariareyesbarrios.cl\/?page_id=314#breadcrumb","itemListElement":[{"@type":"ListItem","position":1,"name":"Portada","item":"https:\/\/anamariareyesbarrios.cl\/"},{"@type":"ListItem","position":2,"name":"La Guitarra Cl\u00e1sica"}]},{"@type":"WebSite","@id":"https:\/\/anamariareyesbarrios.cl\/#website","url":"https:\/\/anamariareyesbarrios.cl\/","name":"Ana Mar\u00eda Reyes Barrios","description":"Archivo personal de la artista","publisher":{"@id":"https:\/\/anamariareyesbarrios.cl\/#\/schema\/person\/87ebb69d82def5c3c09664fe4e9e528e"},"potentialAction":[{"@type":"SearchAction","target":{"@type":"EntryPoint","urlTemplate":"https:\/\/anamariareyesbarrios.cl\/?s={search_term_string}"},"query-input":{"@type":"PropertyValueSpecification","valueRequired":true,"valueName":"search_term_string"}}],"inLanguage":"es"},{"@type":["Person","Organization"],"@id":"https:\/\/anamariareyesbarrios.cl\/#\/schema\/person\/87ebb69d82def5c3c09664fe4e9e528e","name":"Anamaria","image":{"@type":"ImageObject","inLanguage":"es","@id":"https:\/\/anamariareyesbarrios.cl\/#\/schema\/person\/image\/","url":"https:\/\/www.anamariareyesbarrios.cl\/wp-content\/uploads\/2021\/06\/cropped-Logo_firma-1.png","contentUrl":"https:\/\/www.anamariareyesbarrios.cl\/wp-content\/uploads\/2021\/06\/cropped-Logo_firma-1.png","width":512,"height":512,"caption":"Anamaria"},"logo":{"@id":"https:\/\/anamariareyesbarrios.cl\/#\/schema\/person\/image\/"},"sameAs":["https:\/\/anamariareyesbarrios.cl"]}]}},"_links":{"self":[{"href":"https:\/\/anamariareyesbarrios.cl\/index.php?rest_route=\/wp\/v2\/pages\/314","targetHints":{"allow":["GET"]}}],"collection":[{"href":"https:\/\/anamariareyesbarrios.cl\/index.php?rest_route=\/wp\/v2\/pages"}],"about":[{"href":"https:\/\/anamariareyesbarrios.cl\/index.php?rest_route=\/wp\/v2\/types\/page"}],"author":[{"embeddable":true,"href":"https:\/\/anamariareyesbarrios.cl\/index.php?rest_route=\/wp\/v2\/users\/1"}],"replies":[{"embeddable":true,"href":"https:\/\/anamariareyesbarrios.cl\/index.php?rest_route=%2Fwp%2Fv2%2Fcomments&post=314"}],"version-history":[{"count":19,"href":"https:\/\/anamariareyesbarrios.cl\/index.php?rest_route=\/wp\/v2\/pages\/314\/revisions"}],"predecessor-version":[{"id":1005,"href":"https:\/\/anamariareyesbarrios.cl\/index.php?rest_route=\/wp\/v2\/pages\/314\/revisions\/1005"}],"wp:attachment":[{"href":"https:\/\/anamariareyesbarrios.cl\/index.php?rest_route=%2Fwp%2Fv2%2Fmedia&parent=314"}],"curies":[{"name":"wp","href":"https:\/\/api.w.org\/{rel}","templated":true}]}}