{"id":308,"date":"2021-06-07T04:13:42","date_gmt":"2021-06-07T04:13:42","guid":{"rendered":"https:\/\/anamariareyesbarrios.cl\/?page_id=308"},"modified":"2021-10-12T17:05:37","modified_gmt":"2021-10-12T17:05:37","slug":"coleccion-documental","status":"publish","type":"page","link":"https:\/\/anamariareyesbarrios.cl\/?page_id=308","title":{"rendered":"Colecci\u00f3n Documental"},"content":{"rendered":"\t\t<div data-elementor-type=\"wp-page\" data-elementor-id=\"308\" class=\"elementor elementor-308\">\n\t\t\t\t\t\t<section class=\"elementor-section elementor-top-section elementor-element elementor-element-b23327f elementor-section-boxed elementor-section-height-default elementor-section-height-default\" data-id=\"b23327f\" data-element_type=\"section\">\n\t\t\t\t\t\t<div class=\"elementor-container elementor-column-gap-default\">\n\t\t\t\t\t<div class=\"elementor-column elementor-col-25 elementor-top-column elementor-element elementor-element-1a79fdc\" data-id=\"1a79fdc\" data-element_type=\"column\">\n\t\t\t<div class=\"elementor-widget-wrap\">\n\t\t\t\t\t\t\t<\/div>\n\t\t<\/div>\n\t\t\t\t<div class=\"elementor-column elementor-col-50 elementor-top-column elementor-element elementor-element-a64b7d3\" data-id=\"a64b7d3\" data-element_type=\"column\">\n\t\t\t<div class=\"elementor-widget-wrap elementor-element-populated\">\n\t\t\t\t\t\t<div class=\"elementor-element elementor-element-a7d1c4a elementor-widget elementor-widget-text-editor\" data-id=\"a7d1c4a\" data-element_type=\"widget\" data-widget_type=\"text-editor.default\">\n\t\t\t\t<div class=\"elementor-widget-container\">\n\t\t\t\t\t\t\t\t\t<p style=\"text-align: center;\">Conjunto de documentos como recortes de prensa, manuscritos y programas de los conciertos en los que particip\u00f3 la artista.<\/p>\t\t\t\t\t\t\t\t<\/div>\n\t\t\t\t<\/div>\n\t\t\t\t\t<\/div>\n\t\t<\/div>\n\t\t\t\t<div class=\"elementor-column elementor-col-25 elementor-top-column elementor-element elementor-element-60462c8\" data-id=\"60462c8\" data-element_type=\"column\">\n\t\t\t<div class=\"elementor-widget-wrap\">\n\t\t\t\t\t\t\t<\/div>\n\t\t<\/div>\n\t\t\t\t\t<\/div>\n\t\t<\/section>\n\t\t\t\t<section class=\"elementor-section elementor-top-section elementor-element elementor-element-830ecff elementor-section-boxed elementor-section-height-default elementor-section-height-default\" data-id=\"830ecff\" data-element_type=\"section\">\n\t\t\t\t\t\t<div class=\"elementor-container elementor-column-gap-default\">\n\t\t\t\t\t<div class=\"elementor-column elementor-col-100 elementor-top-column elementor-element elementor-element-b9230c0\" data-id=\"b9230c0\" data-element_type=\"column\">\n\t\t\t<div class=\"elementor-widget-wrap elementor-element-populated\">\n\t\t\t\t\t\t<div class=\"elementor-element elementor-element-b553c74 elementor-grid-1 elementor-grid-tablet-2 elementor-grid-mobile-1 elementor-widget elementor-widget-eael-betterdocs-category-grid\" data-id=\"b553c74\" data-element_type=\"widget\" data-settings=\"{&quot;grid_column&quot;:&quot;1&quot;,&quot;grid_column_tablet&quot;:&quot;2&quot;,&quot;grid_column_mobile&quot;:&quot;1&quot;}\" data-widget_type=\"eael-betterdocs-category-grid.default\">\n\t\t\t\t<div class=\"elementor-widget-container\">\n\t\t\t\t\t<div id=\"eael-bd-cat-grid-b553c74\" class=\"eael-better-docs-category-grid-wrapper\"><div class=\"eael-better-docs-category-grid grid\" data-layout-mode=\"grid\"><article class=\"eael-better-docs-category-grid-post\" data-id=\"308\">\n    <div class=\"eael-bd-cg-inner\"><div class=\"eael-bd-cg-header\">\n                <div class=\"eael-bd-cg-header-inner\"><div class=\"eael-docs-cat-icon\"><img decoding=\"async\" src=\"https:\/\/anamariareyesbarrios.cl\/wp-content\/plugins\/essential-addons-for-elementor-lite\/assets\/front-end\/img\/betterdocs-cat-icon.svg\" alt=\"betterdocs-category-grid-icon\"><\/div><h2 class=\"eael-docs-cat-title\">Todos<\/h2><div class=\"eael-docs-item-count\">13<\/div><\/div>\n            <\/div><div class=\"eael-bd-cg-body\"><\/div><div class=\"eael-bd-cg-footer\"><a class=\"eael-bd-cg-button\" href=\"https:\/\/anamariareyesbarrios.cl\/?doc_category=todos\">Explorar m\u00e1s<i class=\"fas fa-angle-right eael-bd-cg-button-icon eael-bd-cg-button-icon-right\"><\/i><\/a><\/div><\/div><\/article><\/div><div class=\"clearfix\"><\/div><\/div>\t\t\t\t<\/div>\n\t\t\t\t<\/div>\n\t\t\t\t\t<\/div>\n\t\t<\/div>\n\t\t\t\t\t<\/div>\n\t\t<\/section>\n\t\t\t\t<section class=\"elementor-section elementor-top-section elementor-element elementor-element-d2da076 elementor-section-boxed elementor-section-height-default elementor-section-height-default\" data-id=\"d2da076\" data-element_type=\"section\">\n\t\t\t\t\t\t<div class=\"elementor-container elementor-column-gap-default\">\n\t\t\t\t\t<div class=\"elementor-column elementor-col-100 elementor-top-column elementor-element elementor-element-931ad9f\" data-id=\"931ad9f\" data-element_type=\"column\">\n\t\t\t<div class=\"elementor-widget-wrap elementor-element-populated\">\n\t\t\t\t\t\t<div class=\"elementor-element elementor-element-391bb69 elementor-grid-1 elementor-grid-tablet-2 elementor-grid-mobile-1 elementor-widget elementor-widget-eael-betterdocs-category-grid\" data-id=\"391bb69\" data-element_type=\"widget\" data-settings=\"{&quot;grid_column&quot;:&quot;1&quot;,&quot;grid_column_tablet&quot;:&quot;2&quot;,&quot;grid_column_mobile&quot;:&quot;1&quot;}\" data-widget_type=\"eael-betterdocs-category-grid.default\">\n\t\t\t\t<div class=\"elementor-widget-container\">\n\t\t\t\t\t<div id=\"eael-bd-cat-grid-391bb69\" class=\"eael-better-docs-category-grid-wrapper\"><div class=\"eael-better-docs-category-grid masonry\" data-layout-mode=\"masonry\"><article class=\"eael-better-docs-category-grid-post\" data-id=\"308\">\n    <div class=\"eael-bd-cg-inner\"><div class=\"eael-bd-cg-header\">\n                <div class=\"eael-bd-cg-header-inner\"><div class=\"eael-docs-cat-icon\"><img decoding=\"async\" src=\"https:\/\/anamariareyesbarrios.cl\/wp-content\/plugins\/essential-addons-for-elementor-lite\/assets\/front-end\/img\/betterdocs-cat-icon.svg\" alt=\"betterdocs-category-grid-icon\"><\/div><h2 class=\"eael-docs-cat-title\">Recortes de prensa<\/h2><div class=\"eael-docs-item-count\">4<\/div><\/div>\n            <\/div><div class=\"eael-bd-cg-body\"><ul><li><i class=\"far fa-file-alt eael-bd-cg-post-list-icon\"><\/i><a href=\"https:\/\/anamariareyesbarrios.cl\/?docs=ana-maria-reyes-musica-con-guitarra\">\u00abAna Mar\u00eda Reyes. M\u00fasica con guitarra\u00bb<\/a>\n                                <\/li><li><i class=\"far fa-file-alt eael-bd-cg-post-list-icon\"><\/i><a href=\"https:\/\/anamariareyesbarrios.cl\/?docs=un-regalo\">\u00abUn regalo\u00bb<\/a>\n                                <\/li><li><i class=\"far fa-file-alt eael-bd-cg-post-list-icon\"><\/i><a href=\"https:\/\/anamariareyesbarrios.cl\/?docs=recital-de-musica-inglesa\">\u00abRecital de m\u00fasica inglesa\u00bb<\/a>\n                                <\/li><li><i class=\"far fa-file-alt eael-bd-cg-post-list-icon\"><\/i><a href=\"https:\/\/anamariareyesbarrios.cl\/?docs=el-sonido-de-la-musica-regional\">\u00abEl sonido de la m\u00fasica regional\u00bb<\/a>\n                                <\/li><\/ul><\/div><div class=\"eael-bd-cg-footer\"><a class=\"eael-bd-cg-button\" href=\"https:\/\/anamariareyesbarrios.cl\/?doc_category=recortesprensa\">Explorar m\u00e1s<i class=\"fas fa-angle-right eael-bd-cg-button-icon eael-bd-cg-button-icon-right\"><\/i><\/a><\/div><\/div><\/article><\/div><div class=\"clearfix\"><\/div><\/div>\t\t\t\t<\/div>\n\t\t\t\t<\/div>\n\t\t\t\t\t<\/div>\n\t\t<\/div>\n\t\t\t\t\t<\/div>\n\t\t<\/section>\n\t\t\t\t<section class=\"elementor-section elementor-top-section elementor-element elementor-element-c3d4de0 elementor-section-boxed elementor-section-height-default elementor-section-height-default\" data-id=\"c3d4de0\" data-element_type=\"section\">\n\t\t\t\t\t\t<div class=\"elementor-container elementor-column-gap-default\">\n\t\t\t\t\t<div class=\"elementor-column elementor-col-100 elementor-top-column elementor-element elementor-element-1113b2b\" data-id=\"1113b2b\" data-element_type=\"column\">\n\t\t\t<div class=\"elementor-widget-wrap elementor-element-populated\">\n\t\t\t\t\t\t<div class=\"elementor-element elementor-element-4284132 elementor-grid-1 elementor-grid-tablet-2 elementor-grid-mobile-1 elementor-widget elementor-widget-eael-betterdocs-category-grid\" data-id=\"4284132\" data-element_type=\"widget\" data-settings=\"{&quot;grid_column&quot;:&quot;1&quot;,&quot;grid_column_tablet&quot;:&quot;2&quot;,&quot;grid_column_mobile&quot;:&quot;1&quot;}\" data-widget_type=\"eael-betterdocs-category-grid.default\">\n\t\t\t\t<div class=\"elementor-widget-container\">\n\t\t\t\t\t<div id=\"eael-bd-cat-grid-4284132\" class=\"eael-better-docs-category-grid-wrapper\"><div class=\"eael-better-docs-category-grid masonry\" data-layout-mode=\"masonry\"><article class=\"eael-better-docs-category-grid-post\" data-id=\"839\">\n    <div class=\"eael-bd-cg-inner\"><div class=\"eael-bd-cg-header\">\n                <div class=\"eael-bd-cg-header-inner\"><div class=\"eael-docs-cat-icon\"><img decoding=\"async\" src=\"https:\/\/anamariareyesbarrios.cl\/wp-content\/plugins\/essential-addons-for-elementor-lite\/assets\/front-end\/img\/betterdocs-cat-icon.svg\" alt=\"betterdocs-category-grid-icon\"><\/div><h2 class=\"eael-docs-cat-title\">Avisos y afiches<\/h2><div class=\"eael-docs-item-count\">7<\/div><\/div>\n            <\/div><div class=\"eael-bd-cg-body\"><ul><li><i class=\"far fa-file-alt eael-bd-cg-post-list-icon\"><\/i><a href=\"https:\/\/anamariareyesbarrios.cl\/?docs=programa-recital-de-guitarra-ana-maria-reyes-2\">Programa: \u00abRecital de guitarra Ana-Mar\u00eda Reyes\u00bb<\/a>\n                                <\/li><li><i class=\"far fa-file-alt eael-bd-cg-post-list-icon\"><\/i><a href=\"https:\/\/anamariareyesbarrios.cl\/?docs=programa-de-la-iii-temporada-de-camara-aula-magna\">Programa de la III temporada de c\u00e1mara aula magna<\/a>\n                                <\/li><li><i class=\"far fa-file-alt eael-bd-cg-post-list-icon\"><\/i><a href=\"https:\/\/anamariareyesbarrios.cl\/?docs=encuentro-de-culturas-1492-1992-la-guitarra-en-espana-y-america\">Encuentro de culturas 1492-1992: La guitarra en Espa\u00f1a y Am\u00e9rica<\/a>\n                                <\/li><li><i class=\"far fa-file-alt eael-bd-cg-post-list-icon\"><\/i><a href=\"https:\/\/anamariareyesbarrios.cl\/?docs=programa-recital-de-guitarra-ana-maria-reyes\">Programa \u00abRecital de Guitarra, Ana Mar\u00eda Reyes\u00bb<\/a>\n                                <\/li><li><i class=\"far fa-file-alt eael-bd-cg-post-list-icon\"><\/i><a href=\"https:\/\/anamariareyesbarrios.cl\/?docs=programa-temporada-de-musica-y-camara-1994-ana-maria-reyes\">Programa: \u00abTemporada de m\u00fasica y c\u00e1mara 1994. Ana-Mar\u00eda Reyes\u00bb.<\/a>\n                                <\/li><li><i class=\"far fa-file-alt eael-bd-cg-post-list-icon\"><\/i><a href=\"https:\/\/anamariareyesbarrios.cl\/?docs=portada-triptico-desde-el-fin-del-mundo\">Portada \u00abTr\u00edptico desde el fin del mundo\u00bb.<\/a>\n                                <\/li><\/ul><\/div><div class=\"eael-bd-cg-footer\"><a class=\"eael-bd-cg-button\" href=\"https:\/\/anamariareyesbarrios.cl\/?doc_category=avisos\">Explorar m\u00e1s<i class=\"fas fa-angle-right eael-bd-cg-button-icon eael-bd-cg-button-icon-right\"><\/i><\/a><\/div><\/div><\/article><\/div><div class=\"clearfix\"><\/div><\/div>\t\t\t\t<\/div>\n\t\t\t\t<\/div>\n\t\t\t\t\t<\/div>\n\t\t<\/div>\n\t\t\t\t\t<\/div>\n\t\t<\/section>\n\t\t\t\t<\/div>\n\t\t","protected":false},"excerpt":{"rendered":"<p>Conjunto de documentos como recortes de prensa, manuscritos y programas<span class=\"more-button\"><a href=\"https:\/\/anamariareyesbarrios.cl\/?docs=portada-triptico-desde-el-fin-del-mundo\" class=\"more-link\">Seguir leyendo<span class=\"screen-reader-text\">Portada \u00abTr\u00edptico desde el fin del mundo\u00bb.<\/span><\/a><\/span><\/p>\n","protected":false},"author":1,"featured_media":0,"parent":0,"menu_order":0,"comment_status":"closed","ping_status":"closed","template":"","meta":{"footnotes":""},"class_list":["post-308","page","type-page","status-publish","hentry"],"yoast_head":"<!-- This site is optimized with the Yoast SEO plugin v26.8 - https:\/\/yoast.com\/product\/yoast-seo-wordpress\/ -->\n<title>Colecci\u00f3n Documental - Ana Mar\u00eda Reyes Barrios<\/title>\n<meta name=\"robots\" content=\"index, follow, max-snippet:-1, max-image-preview:large, max-video-preview:-1\" \/>\n<link rel=\"canonical\" href=\"https:\/\/anamariareyesbarrios.cl\/?page_id=308\" \/>\n<meta property=\"og:locale\" content=\"es_ES\" \/>\n<meta property=\"og:type\" content=\"article\" \/>\n<meta property=\"og:title\" content=\"Colecci\u00f3n Documental - Ana Mar\u00eda Reyes Barrios\" \/>\n<meta property=\"og:description\" content=\"Conjunto de documentos como recortes de prensa, manuscritos y programasSeguir leyendoPortada \u00abTr\u00edptico desde el fin del mundo\u00bb.\" \/>\n<meta property=\"og:url\" content=\"https:\/\/anamariareyesbarrios.cl\/?page_id=308\" \/>\n<meta property=\"og:site_name\" content=\"Ana Mar\u00eda Reyes Barrios\" \/>\n<meta property=\"article:modified_time\" content=\"2021-10-12T17:05:37+00:00\" \/>\n<meta property=\"og:image\" content=\"https:\/\/anamariareyesbarrios.cl\/wp-content\/plugins\/betterdocs\/admin\/assets\/img\/betterdocs-cat-icon.svg\" \/>\n<meta name=\"twitter:card\" content=\"summary_large_image\" \/>\n<meta name=\"twitter:label1\" content=\"Tiempo de lectura\" \/>\n\t<meta name=\"twitter:data1\" content=\"1 minuto\" \/>\n<script type=\"application\/ld+json\" class=\"yoast-schema-graph\">{\"@context\":\"https:\/\/schema.org\",\"@graph\":[{\"@type\":\"WebPage\",\"@id\":\"https:\/\/anamariareyesbarrios.cl\/?page_id=308\",\"url\":\"https:\/\/anamariareyesbarrios.cl\/?page_id=308\",\"name\":\"Colecci\u00f3n Documental - Ana Mar\u00eda Reyes Barrios\",\"isPartOf\":{\"@id\":\"https:\/\/anamariareyesbarrios.cl\/#website\"},\"primaryImageOfPage\":{\"@id\":\"https:\/\/anamariareyesbarrios.cl\/?page_id=308#primaryimage\"},\"image\":{\"@id\":\"https:\/\/anamariareyesbarrios.cl\/?page_id=308#primaryimage\"},\"thumbnailUrl\":\"https:\/\/anamariareyesbarrios.cl\/wp-content\/plugins\/betterdocs\/admin\/assets\/img\/betterdocs-cat-icon.svg\",\"datePublished\":\"2021-06-07T04:13:42+00:00\",\"dateModified\":\"2021-10-12T17:05:37+00:00\",\"breadcrumb\":{\"@id\":\"https:\/\/anamariareyesbarrios.cl\/?page_id=308#breadcrumb\"},\"inLanguage\":\"es\",\"potentialAction\":[{\"@type\":\"ReadAction\",\"target\":[\"https:\/\/anamariareyesbarrios.cl\/?page_id=308\"]}]},{\"@type\":\"ImageObject\",\"inLanguage\":\"es\",\"@id\":\"https:\/\/anamariareyesbarrios.cl\/?page_id=308#primaryimage\",\"url\":\"https:\/\/anamariareyesbarrios.cl\/wp-content\/plugins\/betterdocs\/admin\/assets\/img\/betterdocs-cat-icon.svg\",\"contentUrl\":\"https:\/\/anamariareyesbarrios.cl\/wp-content\/plugins\/betterdocs\/admin\/assets\/img\/betterdocs-cat-icon.svg\"},{\"@type\":\"BreadcrumbList\",\"@id\":\"https:\/\/anamariareyesbarrios.cl\/?page_id=308#breadcrumb\",\"itemListElement\":[{\"@type\":\"ListItem\",\"position\":1,\"name\":\"Portada\",\"item\":\"https:\/\/anamariareyesbarrios.cl\/\"},{\"@type\":\"ListItem\",\"position\":2,\"name\":\"Colecci\u00f3n Documental\"}]},{\"@type\":\"WebSite\",\"@id\":\"https:\/\/anamariareyesbarrios.cl\/#website\",\"url\":\"https:\/\/anamariareyesbarrios.cl\/\",\"name\":\"Ana Mar\u00eda Reyes Barrios\",\"description\":\"Archivo personal de la artista\",\"publisher\":{\"@id\":\"https:\/\/anamariareyesbarrios.cl\/#\/schema\/person\/87ebb69d82def5c3c09664fe4e9e528e\"},\"potentialAction\":[{\"@type\":\"SearchAction\",\"target\":{\"@type\":\"EntryPoint\",\"urlTemplate\":\"https:\/\/anamariareyesbarrios.cl\/?s={search_term_string}\"},\"query-input\":{\"@type\":\"PropertyValueSpecification\",\"valueRequired\":true,\"valueName\":\"search_term_string\"}}],\"inLanguage\":\"es\"},{\"@type\":[\"Person\",\"Organization\"],\"@id\":\"https:\/\/anamariareyesbarrios.cl\/#\/schema\/person\/87ebb69d82def5c3c09664fe4e9e528e\",\"name\":\"Anamaria\",\"image\":{\"@type\":\"ImageObject\",\"inLanguage\":\"es\",\"@id\":\"https:\/\/anamariareyesbarrios.cl\/#\/schema\/person\/image\/\",\"url\":\"https:\/\/www.anamariareyesbarrios.cl\/wp-content\/uploads\/2021\/06\/cropped-Logo_firma-1.png\",\"contentUrl\":\"https:\/\/www.anamariareyesbarrios.cl\/wp-content\/uploads\/2021\/06\/cropped-Logo_firma-1.png\",\"width\":512,\"height\":512,\"caption\":\"Anamaria\"},\"logo\":{\"@id\":\"https:\/\/anamariareyesbarrios.cl\/#\/schema\/person\/image\/\"},\"sameAs\":[\"https:\/\/anamariareyesbarrios.cl\"]}]}<\/script>\n<!-- \/ Yoast SEO plugin. -->","yoast_head_json":{"title":"Colecci\u00f3n Documental - Ana Mar\u00eda Reyes Barrios","robots":{"index":"index","follow":"follow","max-snippet":"max-snippet:-1","max-image-preview":"max-image-preview:large","max-video-preview":"max-video-preview:-1"},"canonical":"https:\/\/anamariareyesbarrios.cl\/?page_id=308","og_locale":"es_ES","og_type":"article","og_title":"Colecci\u00f3n Documental - Ana Mar\u00eda Reyes Barrios","og_description":"Conjunto de documentos como recortes de prensa, manuscritos y programasSeguir leyendoPortada \u00abTr\u00edptico desde el fin del mundo\u00bb.","og_url":"https:\/\/anamariareyesbarrios.cl\/?page_id=308","og_site_name":"Ana Mar\u00eda Reyes Barrios","article_modified_time":"2021-10-12T17:05:37+00:00","og_image":[{"url":"https:\/\/anamariareyesbarrios.cl\/wp-content\/plugins\/betterdocs\/admin\/assets\/img\/betterdocs-cat-icon.svg","type":"","width":"","height":""}],"twitter_card":"summary_large_image","twitter_misc":{"Tiempo de lectura":"1 minuto"},"schema":{"@context":"https:\/\/schema.org","@graph":[{"@type":"WebPage","@id":"https:\/\/anamariareyesbarrios.cl\/?page_id=308","url":"https:\/\/anamariareyesbarrios.cl\/?page_id=308","name":"Colecci\u00f3n Documental - Ana Mar\u00eda Reyes Barrios","isPartOf":{"@id":"https:\/\/anamariareyesbarrios.cl\/#website"},"primaryImageOfPage":{"@id":"https:\/\/anamariareyesbarrios.cl\/?page_id=308#primaryimage"},"image":{"@id":"https:\/\/anamariareyesbarrios.cl\/?page_id=308#primaryimage"},"thumbnailUrl":"https:\/\/anamariareyesbarrios.cl\/wp-content\/plugins\/betterdocs\/admin\/assets\/img\/betterdocs-cat-icon.svg","datePublished":"2021-06-07T04:13:42+00:00","dateModified":"2021-10-12T17:05:37+00:00","breadcrumb":{"@id":"https:\/\/anamariareyesbarrios.cl\/?page_id=308#breadcrumb"},"inLanguage":"es","potentialAction":[{"@type":"ReadAction","target":["https:\/\/anamariareyesbarrios.cl\/?page_id=308"]}]},{"@type":"ImageObject","inLanguage":"es","@id":"https:\/\/anamariareyesbarrios.cl\/?page_id=308#primaryimage","url":"https:\/\/anamariareyesbarrios.cl\/wp-content\/plugins\/betterdocs\/admin\/assets\/img\/betterdocs-cat-icon.svg","contentUrl":"https:\/\/anamariareyesbarrios.cl\/wp-content\/plugins\/betterdocs\/admin\/assets\/img\/betterdocs-cat-icon.svg"},{"@type":"BreadcrumbList","@id":"https:\/\/anamariareyesbarrios.cl\/?page_id=308#breadcrumb","itemListElement":[{"@type":"ListItem","position":1,"name":"Portada","item":"https:\/\/anamariareyesbarrios.cl\/"},{"@type":"ListItem","position":2,"name":"Colecci\u00f3n Documental"}]},{"@type":"WebSite","@id":"https:\/\/anamariareyesbarrios.cl\/#website","url":"https:\/\/anamariareyesbarrios.cl\/","name":"Ana Mar\u00eda Reyes Barrios","description":"Archivo personal de la artista","publisher":{"@id":"https:\/\/anamariareyesbarrios.cl\/#\/schema\/person\/87ebb69d82def5c3c09664fe4e9e528e"},"potentialAction":[{"@type":"SearchAction","target":{"@type":"EntryPoint","urlTemplate":"https:\/\/anamariareyesbarrios.cl\/?s={search_term_string}"},"query-input":{"@type":"PropertyValueSpecification","valueRequired":true,"valueName":"search_term_string"}}],"inLanguage":"es"},{"@type":["Person","Organization"],"@id":"https:\/\/anamariareyesbarrios.cl\/#\/schema\/person\/87ebb69d82def5c3c09664fe4e9e528e","name":"Anamaria","image":{"@type":"ImageObject","inLanguage":"es","@id":"https:\/\/anamariareyesbarrios.cl\/#\/schema\/person\/image\/","url":"https:\/\/www.anamariareyesbarrios.cl\/wp-content\/uploads\/2021\/06\/cropped-Logo_firma-1.png","contentUrl":"https:\/\/www.anamariareyesbarrios.cl\/wp-content\/uploads\/2021\/06\/cropped-Logo_firma-1.png","width":512,"height":512,"caption":"Anamaria"},"logo":{"@id":"https:\/\/anamariareyesbarrios.cl\/#\/schema\/person\/image\/"},"sameAs":["https:\/\/anamariareyesbarrios.cl"]}]}},"_links":{"self":[{"href":"https:\/\/anamariareyesbarrios.cl\/index.php?rest_route=\/wp\/v2\/pages\/308","targetHints":{"allow":["GET"]}}],"collection":[{"href":"https:\/\/anamariareyesbarrios.cl\/index.php?rest_route=\/wp\/v2\/pages"}],"about":[{"href":"https:\/\/anamariareyesbarrios.cl\/index.php?rest_route=\/wp\/v2\/types\/page"}],"author":[{"embeddable":true,"href":"https:\/\/anamariareyesbarrios.cl\/index.php?rest_route=\/wp\/v2\/users\/1"}],"replies":[{"embeddable":true,"href":"https:\/\/anamariareyesbarrios.cl\/index.php?rest_route=%2Fwp%2Fv2%2Fcomments&post=308"}],"version-history":[{"count":19,"href":"https:\/\/anamariareyesbarrios.cl\/index.php?rest_route=\/wp\/v2\/pages\/308\/revisions"}],"predecessor-version":[{"id":946,"href":"https:\/\/anamariareyesbarrios.cl\/index.php?rest_route=\/wp\/v2\/pages\/308\/revisions\/946"}],"wp:attachment":[{"href":"https:\/\/anamariareyesbarrios.cl\/index.php?rest_route=%2Fwp%2Fv2%2Fmedia&parent=308"}],"curies":[{"name":"wp","href":"https:\/\/api.w.org\/{rel}","templated":true}]}}