{"id":294,"date":"2021-06-07T04:12:40","date_gmt":"2021-06-07T04:12:40","guid":{"rendered":"https:\/\/anamariareyesbarrios.cl\/?page_id=294"},"modified":"2021-11-02T13:34:39","modified_gmt":"2021-11-02T13:34:39","slug":"documentacion-audiovisual","status":"publish","type":"page","link":"https:\/\/anamariareyesbarrios.cl\/?page_id=294","title":{"rendered":"Colecci\u00f3n Audiovisual"},"content":{"rendered":"\t\t<div data-elementor-type=\"wp-page\" data-elementor-id=\"294\" class=\"elementor elementor-294\">\n\t\t\t\t\t\t<section class=\"elementor-section elementor-top-section elementor-element elementor-element-504d5b4 elementor-section-boxed elementor-section-height-default elementor-section-height-default\" data-id=\"504d5b4\" data-element_type=\"section\">\n\t\t\t\t\t\t<div class=\"elementor-container elementor-column-gap-default\">\n\t\t\t\t\t<div class=\"elementor-column elementor-col-100 elementor-top-column elementor-element elementor-element-0ee8425\" data-id=\"0ee8425\" data-element_type=\"column\">\n\t\t\t<div class=\"elementor-widget-wrap elementor-element-populated\">\n\t\t\t\t\t\t<div class=\"elementor-element elementor-element-8fe36ee elementor-widget elementor-widget-spacer\" data-id=\"8fe36ee\" data-element_type=\"widget\" data-widget_type=\"spacer.default\">\n\t\t\t\t<div class=\"elementor-widget-container\">\n\t\t\t\t\t\t\t<div class=\"elementor-spacer\">\n\t\t\t<div class=\"elementor-spacer-inner\"><\/div>\n\t\t<\/div>\n\t\t\t\t\t\t<\/div>\n\t\t\t\t<\/div>\n\t\t\t\t\t<\/div>\n\t\t<\/div>\n\t\t\t\t\t<\/div>\n\t\t<\/section>\n\t\t\t\t<section class=\"elementor-section elementor-top-section elementor-element elementor-element-058d05f elementor-section-stretched elementor-section-boxed elementor-section-height-default elementor-section-height-default\" data-id=\"058d05f\" data-element_type=\"section\" data-settings=\"{&quot;stretch_section&quot;:&quot;section-stretched&quot;}\">\n\t\t\t\t\t\t<div class=\"elementor-container elementor-column-gap-default\">\n\t\t\t\t\t<div class=\"elementor-column elementor-col-33 elementor-top-column elementor-element elementor-element-6412506\" data-id=\"6412506\" data-element_type=\"column\">\n\t\t\t<div class=\"elementor-widget-wrap elementor-element-populated\">\n\t\t\t\t\t\t<div class=\"elementor-element elementor-element-23c52e2 elementor-widget elementor-widget-text-editor\" data-id=\"23c52e2\" data-element_type=\"widget\" data-widget_type=\"text-editor.default\">\n\t\t\t\t<div class=\"elementor-widget-container\">\n\t\t\t\t\t\t\t\t\t<p><iframe title=\"YouTube video player\" src=\"https:\/\/www.youtube.com\/embed\/EjNpgw74JLI\" width=\"560\" height=\"315\" frameborder=\"0\" allowfullscreen=\"allowfullscreen\"><\/iframe><\/p>\t\t\t\t\t\t\t\t<\/div>\n\t\t\t\t<\/div>\n\t\t\t\t<div class=\"elementor-element elementor-element-e6b192a elementor-widget elementor-widget-heading\" data-id=\"e6b192a\" data-element_type=\"widget\" data-widget_type=\"heading.default\">\n\t\t\t\t<div class=\"elementor-widget-container\">\n\t\t\t\t\t<h2 class=\"elementor-heading-title elementor-size-default\">Recital de Guitarra, Ana Mar\u00eda Reyes, Sala Elena Waiss<\/h2>\t\t\t\t<\/div>\n\t\t\t\t<\/div>\n\t\t\t\t<div class=\"elementor-element elementor-element-93e1d58 elementor-widget elementor-widget-text-editor\" data-id=\"93e1d58\" data-element_type=\"widget\" data-widget_type=\"text-editor.default\">\n\t\t\t\t<div class=\"elementor-widget-container\">\n\t\t\t\t\t\t\t\t\t<p>Descripci\u00f3n:<\/p><p>Video del recital realizado por la guitarrista Ana Mar\u00eda Reyes, el 10 de agosto de 1994, en la sala Elena Waiss, de la Escuela Moderna de M\u00fasica en Santiago de Chile.<\/p>\t\t\t\t\t\t\t\t<\/div>\n\t\t\t\t<\/div>\n\t\t\t\t\t<\/div>\n\t\t<\/div>\n\t\t\t\t<div class=\"elementor-column elementor-col-33 elementor-top-column elementor-element elementor-element-34efd07\" data-id=\"34efd07\" data-element_type=\"column\">\n\t\t\t<div class=\"elementor-widget-wrap elementor-element-populated\">\n\t\t\t\t\t\t<div class=\"elementor-element elementor-element-caa06c1 elementor-widget elementor-widget-spacer\" data-id=\"caa06c1\" data-element_type=\"widget\" data-widget_type=\"spacer.default\">\n\t\t\t\t<div class=\"elementor-widget-container\">\n\t\t\t\t\t\t\t<div class=\"elementor-spacer\">\n\t\t\t<div class=\"elementor-spacer-inner\"><\/div>\n\t\t<\/div>\n\t\t\t\t\t\t<\/div>\n\t\t\t\t<\/div>\n\t\t\t\t\t<\/div>\n\t\t<\/div>\n\t\t\t\t<div class=\"elementor-column elementor-col-33 elementor-top-column elementor-element elementor-element-fb85dec\" data-id=\"fb85dec\" data-element_type=\"column\">\n\t\t\t<div class=\"elementor-widget-wrap elementor-element-populated\">\n\t\t\t\t\t\t<div class=\"elementor-element elementor-element-a822799 elementor-widget elementor-widget-text-editor\" data-id=\"a822799\" data-element_type=\"widget\" data-widget_type=\"text-editor.default\">\n\t\t\t\t<div class=\"elementor-widget-container\">\n\t\t\t\t\t\t\t\t\t<p><iframe title=\"YouTube video player\" src=\"https:\/\/www.youtube.com\/embed\/ybzMMjDg_1A\" width=\"560\" height=\"315\" frameborder=\"0\" allowfullscreen=\"allowfullscreen\"><\/iframe><\/p>\t\t\t\t\t\t\t\t<\/div>\n\t\t\t\t<\/div>\n\t\t\t\t<div class=\"elementor-element elementor-element-6349b7b elementor-widget elementor-widget-heading\" data-id=\"6349b7b\" data-element_type=\"widget\" data-widget_type=\"heading.default\">\n\t\t\t\t<div class=\"elementor-widget-container\">\n\t\t\t\t\t<h2 class=\"elementor-heading-title elementor-size-default\">Ana Mar\u00eda Reyes, Ciclo de conferencias m\u00fasica espa\u00f1ola del siglo XX<\/h2>\t\t\t\t<\/div>\n\t\t\t\t<\/div>\n\t\t\t\t<div class=\"elementor-element elementor-element-7a033ae elementor-widget elementor-widget-text-editor\" data-id=\"7a033ae\" data-element_type=\"widget\" data-widget_type=\"text-editor.default\">\n\t\t\t\t<div class=\"elementor-widget-container\">\n\t\t\t\t\t\t\t\t\t<p>Descripci\u00f3n:<\/p><p>Participaci\u00f3n de Ana Mar\u00eda Reyes en el ciclo de conferencias de m\u00fasica espa\u00f1ola del Siglo XX ocurrido el 8 de junio de 1992. Esta instancia fue organizada por el Departamento de M\u00fasica de la Universidad de Concepci\u00f3n.<\/p>\t\t\t\t\t\t\t\t<\/div>\n\t\t\t\t<\/div>\n\t\t\t\t\t<\/div>\n\t\t<\/div>\n\t\t\t\t\t<\/div>\n\t\t<\/section>\n\t\t\t\t<section class=\"elementor-section elementor-top-section elementor-element elementor-element-f7ab2cd elementor-section-boxed elementor-section-height-default elementor-section-height-default\" data-id=\"f7ab2cd\" data-element_type=\"section\">\n\t\t\t\t\t\t<div class=\"elementor-container elementor-column-gap-default\">\n\t\t\t\t\t<div class=\"elementor-column elementor-col-100 elementor-top-column elementor-element elementor-element-c4897c4\" data-id=\"c4897c4\" data-element_type=\"column\">\n\t\t\t<div class=\"elementor-widget-wrap elementor-element-populated\">\n\t\t\t\t\t\t<div class=\"elementor-element elementor-element-3c19401 elementor-widget-divider--view-line elementor-widget elementor-widget-divider\" data-id=\"3c19401\" data-element_type=\"widget\" data-widget_type=\"divider.default\">\n\t\t\t\t<div class=\"elementor-widget-container\">\n\t\t\t\t\t\t\t<div class=\"elementor-divider\">\n\t\t\t<span class=\"elementor-divider-separator\">\n\t\t\t\t\t\t<\/span>\n\t\t<\/div>\n\t\t\t\t\t\t<\/div>\n\t\t\t\t<\/div>\n\t\t\t\t\t<\/div>\n\t\t<\/div>\n\t\t\t\t\t<\/div>\n\t\t<\/section>\n\t\t\t\t<section class=\"elementor-section elementor-top-section elementor-element elementor-element-eb0a011 elementor-section-stretched elementor-section-boxed elementor-section-height-default elementor-section-height-default\" data-id=\"eb0a011\" data-element_type=\"section\" data-settings=\"{&quot;stretch_section&quot;:&quot;section-stretched&quot;}\">\n\t\t\t\t\t\t<div class=\"elementor-container elementor-column-gap-default\">\n\t\t\t\t\t<div class=\"elementor-column elementor-col-33 elementor-top-column elementor-element elementor-element-2c8aa25\" data-id=\"2c8aa25\" data-element_type=\"column\">\n\t\t\t<div class=\"elementor-widget-wrap elementor-element-populated\">\n\t\t\t\t\t\t<div class=\"elementor-element elementor-element-2a10616 elementor-widget elementor-widget-text-editor\" data-id=\"2a10616\" data-element_type=\"widget\" data-widget_type=\"text-editor.default\">\n\t\t\t\t<div class=\"elementor-widget-container\">\n\t\t\t\t\t\t\t\t\t<p><iframe title=\"YouTube video player\" src=\"https:\/\/www.youtube.com\/embed\/gguwhH4yWuo\" width=\"560\" height=\"315\" frameborder=\"0\" allowfullscreen=\"allowfullscreen\"><\/iframe><\/p>\t\t\t\t\t\t\t\t<\/div>\n\t\t\t\t<\/div>\n\t\t\t\t<div class=\"elementor-element elementor-element-4eeb835 elementor-widget elementor-widget-heading\" data-id=\"4eeb835\" data-element_type=\"widget\" data-widget_type=\"heading.default\">\n\t\t\t\t<div class=\"elementor-widget-container\">\n\t\t\t\t\t<h2 class=\"elementor-heading-title elementor-size-default\">Recital en Instituto Chileno-Norteamericano de Cultura<\/h2>\t\t\t\t<\/div>\n\t\t\t\t<\/div>\n\t\t\t\t<div class=\"elementor-element elementor-element-432cf50 elementor-widget elementor-widget-text-editor\" data-id=\"432cf50\" data-element_type=\"widget\" data-widget_type=\"text-editor.default\">\n\t\t\t\t<div class=\"elementor-widget-container\">\n\t\t\t\t\t\t\t\t\t<p>Descripci\u00f3n:<\/p><p>Ana Mar\u00eda Reyes interpretando la pieza Toccata 1987, en el instituto Chileno Norteamericano de cultura en a\u00f1o 1992.<\/p>\t\t\t\t\t\t\t\t<\/div>\n\t\t\t\t<\/div>\n\t\t\t\t\t<\/div>\n\t\t<\/div>\n\t\t\t\t<div class=\"elementor-column elementor-col-33 elementor-top-column elementor-element elementor-element-0aceeb4\" data-id=\"0aceeb4\" data-element_type=\"column\">\n\t\t\t<div class=\"elementor-widget-wrap elementor-element-populated\">\n\t\t\t\t\t\t<div class=\"elementor-element elementor-element-04c9003 elementor-widget elementor-widget-spacer\" data-id=\"04c9003\" data-element_type=\"widget\" data-widget_type=\"spacer.default\">\n\t\t\t\t<div class=\"elementor-widget-container\">\n\t\t\t\t\t\t\t<div class=\"elementor-spacer\">\n\t\t\t<div class=\"elementor-spacer-inner\"><\/div>\n\t\t<\/div>\n\t\t\t\t\t\t<\/div>\n\t\t\t\t<\/div>\n\t\t\t\t\t<\/div>\n\t\t<\/div>\n\t\t\t\t<div class=\"elementor-column elementor-col-33 elementor-top-column elementor-element elementor-element-65ddc4c\" data-id=\"65ddc4c\" data-element_type=\"column\">\n\t\t\t<div class=\"elementor-widget-wrap elementor-element-populated\">\n\t\t\t\t\t\t<div class=\"elementor-element elementor-element-c3957ce elementor-widget elementor-widget-text-editor\" data-id=\"c3957ce\" data-element_type=\"widget\" data-widget_type=\"text-editor.default\">\n\t\t\t\t<div class=\"elementor-widget-container\">\n\t\t\t\t\t\t\t\t\t<iframe width=\"560\" height=\"315\" src=\"https:\/\/www.youtube.com\/embed\/gP0DX84489A\" title=\"YouTube video player\" frameborder=\"0\" allow=\"accelerometer; autoplay; clipboard-write; encrypted-media; gyroscope; picture-in-picture\" allowfullscreen><\/iframe>\t\t\t\t\t\t\t\t<\/div>\n\t\t\t\t<\/div>\n\t\t\t\t<div class=\"elementor-element elementor-element-ad16d6b elementor-widget elementor-widget-heading\" data-id=\"ad16d6b\" data-element_type=\"widget\" data-widget_type=\"heading.default\">\n\t\t\t\t<div class=\"elementor-widget-container\">\n\t\t\t\t\t<h2 class=\"elementor-heading-title elementor-size-default\">Ana Mar\u00eda Reyes Barrios, interpreta Chaconne, J. S. Bach.<\/h2>\t\t\t\t<\/div>\n\t\t\t\t<\/div>\n\t\t\t\t<div class=\"elementor-element elementor-element-54829c2 elementor-widget elementor-widget-text-editor\" data-id=\"54829c2\" data-element_type=\"widget\" data-widget_type=\"text-editor.default\">\n\t\t\t\t<div class=\"elementor-widget-container\">\n\t\t\t\t\t\t\t\t\t<p>Descripci\u00f3n:<\/p><p>Interpretaci\u00f3n de Ana Mar\u00eda Reyes Barrios del a\u00f1o 1987<\/p>\t\t\t\t\t\t\t\t<\/div>\n\t\t\t\t<\/div>\n\t\t\t\t\t<\/div>\n\t\t<\/div>\n\t\t\t\t\t<\/div>\n\t\t<\/section>\n\t\t\t\t<section class=\"elementor-section elementor-top-section elementor-element elementor-element-e859d65 elementor-section-boxed elementor-section-height-default elementor-section-height-default\" data-id=\"e859d65\" data-element_type=\"section\">\n\t\t\t\t\t\t<div class=\"elementor-container elementor-column-gap-default\">\n\t\t\t\t\t<div class=\"elementor-column elementor-col-100 elementor-top-column elementor-element elementor-element-31b5ea4\" data-id=\"31b5ea4\" data-element_type=\"column\">\n\t\t\t<div class=\"elementor-widget-wrap elementor-element-populated\">\n\t\t\t\t\t\t<div class=\"elementor-element elementor-element-1236559 elementor-widget-divider--view-line elementor-widget elementor-widget-divider\" data-id=\"1236559\" data-element_type=\"widget\" data-widget_type=\"divider.default\">\n\t\t\t\t<div class=\"elementor-widget-container\">\n\t\t\t\t\t\t\t<div class=\"elementor-divider\">\n\t\t\t<span class=\"elementor-divider-separator\">\n\t\t\t\t\t\t<\/span>\n\t\t<\/div>\n\t\t\t\t\t\t<\/div>\n\t\t\t\t<\/div>\n\t\t\t\t\t<\/div>\n\t\t<\/div>\n\t\t\t\t\t<\/div>\n\t\t<\/section>\n\t\t\t\t<section class=\"elementor-section elementor-top-section elementor-element elementor-element-0c7f069 elementor-section-stretched elementor-section-boxed elementor-section-height-default elementor-section-height-default\" data-id=\"0c7f069\" data-element_type=\"section\" data-settings=\"{&quot;stretch_section&quot;:&quot;section-stretched&quot;}\">\n\t\t\t\t\t\t<div class=\"elementor-container elementor-column-gap-default\">\n\t\t\t\t\t<div class=\"elementor-column elementor-col-33 elementor-top-column elementor-element elementor-element-f3034de\" data-id=\"f3034de\" data-element_type=\"column\">\n\t\t\t<div class=\"elementor-widget-wrap elementor-element-populated\">\n\t\t\t\t\t\t<div class=\"elementor-element elementor-element-94b7710 elementor-widget elementor-widget-text-editor\" data-id=\"94b7710\" data-element_type=\"widget\" data-widget_type=\"text-editor.default\">\n\t\t\t\t<div class=\"elementor-widget-container\">\n\t\t\t\t\t\t\t\t\t<p><iframe title=\"YouTube video player\" src=\"https:\/\/www.youtube.com\/embed\/KoSyfy5yeL4\" width=\"560\" height=\"315\" frameborder=\"0\" allowfullscreen=\"allowfullscreen\"><\/iframe><\/p>\t\t\t\t\t\t\t\t<\/div>\n\t\t\t\t<\/div>\n\t\t\t\t<div class=\"elementor-element elementor-element-7f89a83 elementor-widget elementor-widget-heading\" data-id=\"7f89a83\" data-element_type=\"widget\" data-widget_type=\"heading.default\">\n\t\t\t\t<div class=\"elementor-widget-container\">\n\t\t\t\t\t<h2 class=\"elementor-heading-title elementor-size-default\">Ana Mar\u00eda Reyes interpreta, Tonada.<\/h2>\t\t\t\t<\/div>\n\t\t\t\t<\/div>\n\t\t\t\t<div class=\"elementor-element elementor-element-68ca142 elementor-widget elementor-widget-text-editor\" data-id=\"68ca142\" data-element_type=\"widget\" data-widget_type=\"text-editor.default\">\n\t\t\t\t<div class=\"elementor-widget-container\">\n\t\t\t\t\t\t\t\t\t<p>Descripci\u00f3n:\u00a0<\/p><p>Ana Mar\u00eda Reyes interpretando la pieza Tonada en el a\u00f1o 1987.<\/p>\t\t\t\t\t\t\t\t<\/div>\n\t\t\t\t<\/div>\n\t\t\t\t\t<\/div>\n\t\t<\/div>\n\t\t\t\t<div class=\"elementor-column elementor-col-33 elementor-top-column elementor-element elementor-element-0294db3\" data-id=\"0294db3\" data-element_type=\"column\">\n\t\t\t<div class=\"elementor-widget-wrap elementor-element-populated\">\n\t\t\t\t\t\t<div class=\"elementor-element elementor-element-80cd66c elementor-widget elementor-widget-spacer\" data-id=\"80cd66c\" data-element_type=\"widget\" data-widget_type=\"spacer.default\">\n\t\t\t\t<div class=\"elementor-widget-container\">\n\t\t\t\t\t\t\t<div class=\"elementor-spacer\">\n\t\t\t<div class=\"elementor-spacer-inner\"><\/div>\n\t\t<\/div>\n\t\t\t\t\t\t<\/div>\n\t\t\t\t<\/div>\n\t\t\t\t\t<\/div>\n\t\t<\/div>\n\t\t\t\t<div class=\"elementor-column elementor-col-33 elementor-top-column elementor-element elementor-element-e2b229b\" data-id=\"e2b229b\" data-element_type=\"column\">\n\t\t\t<div class=\"elementor-widget-wrap elementor-element-populated\">\n\t\t\t\t\t\t<div class=\"elementor-element elementor-element-c11c234 elementor-widget elementor-widget-text-editor\" data-id=\"c11c234\" data-element_type=\"widget\" data-widget_type=\"text-editor.default\">\n\t\t\t\t<div class=\"elementor-widget-container\">\n\t\t\t\t\t\t\t\t\t<p><iframe title=\"YouTube video player\" src=\"https:\/\/www.youtube.com\/embed\/fdVO6ObDNZM\" width=\"560\" height=\"315\" frameborder=\"0\" allowfullscreen=\"allowfullscreen\"><\/iframe><\/p>\t\t\t\t\t\t\t\t<\/div>\n\t\t\t\t<\/div>\n\t\t\t\t<div class=\"elementor-element elementor-element-101f5f5 elementor-widget elementor-widget-heading\" data-id=\"101f5f5\" data-element_type=\"widget\" data-widget_type=\"heading.default\">\n\t\t\t\t<div class=\"elementor-widget-container\">\n\t\t\t\t\t<h2 class=\"elementor-heading-title elementor-size-default\">Ana Mar\u00eda Reyes Barrios, interpreta Nocturno.<\/h2>\t\t\t\t<\/div>\n\t\t\t\t<\/div>\n\t\t\t\t<div class=\"elementor-element elementor-element-88e4893 elementor-widget elementor-widget-text-editor\" data-id=\"88e4893\" data-element_type=\"widget\" data-widget_type=\"text-editor.default\">\n\t\t\t\t<div class=\"elementor-widget-container\">\n\t\t\t\t\t\t\t\t\t<p>Descripci\u00f3n:<\/p><p>Ana Mar\u00eda Reyes interpretando la pieza Nocturno en el a\u00f1o 1987.<\/p>\t\t\t\t\t\t\t\t<\/div>\n\t\t\t\t<\/div>\n\t\t\t\t\t<\/div>\n\t\t<\/div>\n\t\t\t\t\t<\/div>\n\t\t<\/section>\n\t\t\t\t<section class=\"elementor-section elementor-top-section elementor-element elementor-element-9971788 elementor-section-boxed elementor-section-height-default elementor-section-height-default\" data-id=\"9971788\" data-element_type=\"section\">\n\t\t\t\t\t\t<div class=\"elementor-container elementor-column-gap-default\">\n\t\t\t\t\t<div class=\"elementor-column elementor-col-100 elementor-top-column elementor-element elementor-element-071f2fe\" data-id=\"071f2fe\" data-element_type=\"column\">\n\t\t\t<div class=\"elementor-widget-wrap elementor-element-populated\">\n\t\t\t\t\t\t<div class=\"elementor-element elementor-element-2fc86c4 elementor-widget elementor-widget-spacer\" data-id=\"2fc86c4\" data-element_type=\"widget\" data-widget_type=\"spacer.default\">\n\t\t\t\t<div class=\"elementor-widget-container\">\n\t\t\t\t\t\t\t<div class=\"elementor-spacer\">\n\t\t\t<div class=\"elementor-spacer-inner\"><\/div>\n\t\t<\/div>\n\t\t\t\t\t\t<\/div>\n\t\t\t\t<\/div>\n\t\t\t\t\t<\/div>\n\t\t<\/div>\n\t\t\t\t\t<\/div>\n\t\t<\/section>\n\t\t\t\t<\/div>\n\t\t","protected":false},"excerpt":{"rendered":"<p>Recital de Guitarra, Ana Mar\u00eda Reyes, Sala Elena Waiss Descripci\u00f3n:<span class=\"more-button\"><a href=\"https:\/\/anamariareyesbarrios.cl\/?page_id=294\" class=\"more-link\">Seguir leyendo<span class=\"screen-reader-text\">Colecci\u00f3n Audiovisual<\/span><\/a><\/span><\/p>\n","protected":false},"author":1,"featured_media":0,"parent":0,"menu_order":0,"comment_status":"closed","ping_status":"closed","template":"","meta":{"footnotes":""},"class_list":["post-294","page","type-page","status-publish","hentry"],"yoast_head":"<!-- This site is optimized with the Yoast SEO plugin v26.8 - https:\/\/yoast.com\/product\/yoast-seo-wordpress\/ -->\n<title>Colecci\u00f3n Audiovisual - Ana Mar\u00eda Reyes Barrios<\/title>\n<meta name=\"robots\" content=\"index, follow, max-snippet:-1, max-image-preview:large, max-video-preview:-1\" \/>\n<link rel=\"canonical\" href=\"https:\/\/anamariareyesbarrios.cl\/?page_id=294\" \/>\n<meta property=\"og:locale\" content=\"es_ES\" \/>\n<meta property=\"og:type\" content=\"article\" \/>\n<meta property=\"og:title\" content=\"Colecci\u00f3n Audiovisual - Ana Mar\u00eda Reyes Barrios\" \/>\n<meta property=\"og:description\" content=\"Recital de Guitarra, Ana Mar\u00eda Reyes, Sala Elena Waiss Descripci\u00f3n:Seguir leyendoColecci\u00f3n Audiovisual\" \/>\n<meta property=\"og:url\" content=\"https:\/\/anamariareyesbarrios.cl\/?page_id=294\" \/>\n<meta property=\"og:site_name\" content=\"Ana Mar\u00eda Reyes Barrios\" \/>\n<meta property=\"article:modified_time\" content=\"2021-11-02T13:34:39+00:00\" \/>\n<meta name=\"twitter:card\" content=\"summary_large_image\" \/>\n<meta name=\"twitter:label1\" content=\"Tiempo de lectura\" \/>\n\t<meta name=\"twitter:data1\" content=\"1 minuto\" \/>\n<script type=\"application\/ld+json\" class=\"yoast-schema-graph\">{\"@context\":\"https:\/\/schema.org\",\"@graph\":[{\"@type\":\"WebPage\",\"@id\":\"https:\/\/anamariareyesbarrios.cl\/?page_id=294\",\"url\":\"https:\/\/anamariareyesbarrios.cl\/?page_id=294\",\"name\":\"Colecci\u00f3n Audiovisual - Ana Mar\u00eda Reyes Barrios\",\"isPartOf\":{\"@id\":\"https:\/\/anamariareyesbarrios.cl\/#website\"},\"datePublished\":\"2021-06-07T04:12:40+00:00\",\"dateModified\":\"2021-11-02T13:34:39+00:00\",\"breadcrumb\":{\"@id\":\"https:\/\/anamariareyesbarrios.cl\/?page_id=294#breadcrumb\"},\"inLanguage\":\"es\",\"potentialAction\":[{\"@type\":\"ReadAction\",\"target\":[\"https:\/\/anamariareyesbarrios.cl\/?page_id=294\"]}]},{\"@type\":\"BreadcrumbList\",\"@id\":\"https:\/\/anamariareyesbarrios.cl\/?page_id=294#breadcrumb\",\"itemListElement\":[{\"@type\":\"ListItem\",\"position\":1,\"name\":\"Portada\",\"item\":\"https:\/\/anamariareyesbarrios.cl\/\"},{\"@type\":\"ListItem\",\"position\":2,\"name\":\"Colecci\u00f3n Audiovisual\"}]},{\"@type\":\"WebSite\",\"@id\":\"https:\/\/anamariareyesbarrios.cl\/#website\",\"url\":\"https:\/\/anamariareyesbarrios.cl\/\",\"name\":\"Ana Mar\u00eda Reyes Barrios\",\"description\":\"Archivo personal de la artista\",\"publisher\":{\"@id\":\"https:\/\/anamariareyesbarrios.cl\/#\/schema\/person\/87ebb69d82def5c3c09664fe4e9e528e\"},\"potentialAction\":[{\"@type\":\"SearchAction\",\"target\":{\"@type\":\"EntryPoint\",\"urlTemplate\":\"https:\/\/anamariareyesbarrios.cl\/?s={search_term_string}\"},\"query-input\":{\"@type\":\"PropertyValueSpecification\",\"valueRequired\":true,\"valueName\":\"search_term_string\"}}],\"inLanguage\":\"es\"},{\"@type\":[\"Person\",\"Organization\"],\"@id\":\"https:\/\/anamariareyesbarrios.cl\/#\/schema\/person\/87ebb69d82def5c3c09664fe4e9e528e\",\"name\":\"Anamaria\",\"image\":{\"@type\":\"ImageObject\",\"inLanguage\":\"es\",\"@id\":\"https:\/\/anamariareyesbarrios.cl\/#\/schema\/person\/image\/\",\"url\":\"https:\/\/www.anamariareyesbarrios.cl\/wp-content\/uploads\/2021\/06\/cropped-Logo_firma-1.png\",\"contentUrl\":\"https:\/\/www.anamariareyesbarrios.cl\/wp-content\/uploads\/2021\/06\/cropped-Logo_firma-1.png\",\"width\":512,\"height\":512,\"caption\":\"Anamaria\"},\"logo\":{\"@id\":\"https:\/\/anamariareyesbarrios.cl\/#\/schema\/person\/image\/\"},\"sameAs\":[\"https:\/\/anamariareyesbarrios.cl\"]}]}<\/script>\n<!-- \/ Yoast SEO plugin. -->","yoast_head_json":{"title":"Colecci\u00f3n Audiovisual - Ana Mar\u00eda Reyes Barrios","robots":{"index":"index","follow":"follow","max-snippet":"max-snippet:-1","max-image-preview":"max-image-preview:large","max-video-preview":"max-video-preview:-1"},"canonical":"https:\/\/anamariareyesbarrios.cl\/?page_id=294","og_locale":"es_ES","og_type":"article","og_title":"Colecci\u00f3n Audiovisual - Ana Mar\u00eda Reyes Barrios","og_description":"Recital de Guitarra, Ana Mar\u00eda Reyes, Sala Elena Waiss Descripci\u00f3n:Seguir leyendoColecci\u00f3n Audiovisual","og_url":"https:\/\/anamariareyesbarrios.cl\/?page_id=294","og_site_name":"Ana Mar\u00eda Reyes Barrios","article_modified_time":"2021-11-02T13:34:39+00:00","twitter_card":"summary_large_image","twitter_misc":{"Tiempo de lectura":"1 minuto"},"schema":{"@context":"https:\/\/schema.org","@graph":[{"@type":"WebPage","@id":"https:\/\/anamariareyesbarrios.cl\/?page_id=294","url":"https:\/\/anamariareyesbarrios.cl\/?page_id=294","name":"Colecci\u00f3n Audiovisual - Ana Mar\u00eda Reyes Barrios","isPartOf":{"@id":"https:\/\/anamariareyesbarrios.cl\/#website"},"datePublished":"2021-06-07T04:12:40+00:00","dateModified":"2021-11-02T13:34:39+00:00","breadcrumb":{"@id":"https:\/\/anamariareyesbarrios.cl\/?page_id=294#breadcrumb"},"inLanguage":"es","potentialAction":[{"@type":"ReadAction","target":["https:\/\/anamariareyesbarrios.cl\/?page_id=294"]}]},{"@type":"BreadcrumbList","@id":"https:\/\/anamariareyesbarrios.cl\/?page_id=294#breadcrumb","itemListElement":[{"@type":"ListItem","position":1,"name":"Portada","item":"https:\/\/anamariareyesbarrios.cl\/"},{"@type":"ListItem","position":2,"name":"Colecci\u00f3n Audiovisual"}]},{"@type":"WebSite","@id":"https:\/\/anamariareyesbarrios.cl\/#website","url":"https:\/\/anamariareyesbarrios.cl\/","name":"Ana Mar\u00eda Reyes Barrios","description":"Archivo personal de la artista","publisher":{"@id":"https:\/\/anamariareyesbarrios.cl\/#\/schema\/person\/87ebb69d82def5c3c09664fe4e9e528e"},"potentialAction":[{"@type":"SearchAction","target":{"@type":"EntryPoint","urlTemplate":"https:\/\/anamariareyesbarrios.cl\/?s={search_term_string}"},"query-input":{"@type":"PropertyValueSpecification","valueRequired":true,"valueName":"search_term_string"}}],"inLanguage":"es"},{"@type":["Person","Organization"],"@id":"https:\/\/anamariareyesbarrios.cl\/#\/schema\/person\/87ebb69d82def5c3c09664fe4e9e528e","name":"Anamaria","image":{"@type":"ImageObject","inLanguage":"es","@id":"https:\/\/anamariareyesbarrios.cl\/#\/schema\/person\/image\/","url":"https:\/\/www.anamariareyesbarrios.cl\/wp-content\/uploads\/2021\/06\/cropped-Logo_firma-1.png","contentUrl":"https:\/\/www.anamariareyesbarrios.cl\/wp-content\/uploads\/2021\/06\/cropped-Logo_firma-1.png","width":512,"height":512,"caption":"Anamaria"},"logo":{"@id":"https:\/\/anamariareyesbarrios.cl\/#\/schema\/person\/image\/"},"sameAs":["https:\/\/anamariareyesbarrios.cl"]}]}},"_links":{"self":[{"href":"https:\/\/anamariareyesbarrios.cl\/index.php?rest_route=\/wp\/v2\/pages\/294","targetHints":{"allow":["GET"]}}],"collection":[{"href":"https:\/\/anamariareyesbarrios.cl\/index.php?rest_route=\/wp\/v2\/pages"}],"about":[{"href":"https:\/\/anamariareyesbarrios.cl\/index.php?rest_route=\/wp\/v2\/types\/page"}],"author":[{"embeddable":true,"href":"https:\/\/anamariareyesbarrios.cl\/index.php?rest_route=\/wp\/v2\/users\/1"}],"replies":[{"embeddable":true,"href":"https:\/\/anamariareyesbarrios.cl\/index.php?rest_route=%2Fwp%2Fv2%2Fcomments&post=294"}],"version-history":[{"count":63,"href":"https:\/\/anamariareyesbarrios.cl\/index.php?rest_route=\/wp\/v2\/pages\/294\/revisions"}],"predecessor-version":[{"id":975,"href":"https:\/\/anamariareyesbarrios.cl\/index.php?rest_route=\/wp\/v2\/pages\/294\/revisions\/975"}],"wp:attachment":[{"href":"https:\/\/anamariareyesbarrios.cl\/index.php?rest_route=%2Fwp%2Fv2%2Fmedia&parent=294"}],"curies":[{"name":"wp","href":"https:\/\/api.w.org\/{rel}","templated":true}]}}